{"id":16694,"date":"2022-07-14T15:59:04","date_gmt":"2022-07-14T15:59:04","guid":{"rendered":"https:\/\/www.poppi.it\/intelligente-recupero-energetico\/"},"modified":"2023-04-12T14:54:53","modified_gmt":"2023-04-12T14:54:53","slug":"intelligente-sistemas-de-recuperacao-energetica","status":"publish","type":"page","link":"https:\/\/www.poppi.it\/pt-pt\/intelligente-sistemas-de-recuperacao-energetica\/","title":{"rendered":"INTELLIGENTE Sistemas de recupera\u00e7\u00e3o energ\u00e9tica"},"content":{"rendered":"\t\t<div data-elementor-type=\"wp-page\" data-elementor-id=\"16694\" class=\"elementor elementor-16694 elementor-13480\">\n\t\t\t\t\t\t\t\t\t<section data-pa-eq-height=\"{&quot;targetType&quot;:&quot;widget&quot;,&quot;target&quot;:&quot;&quot;,&quot;enableOn&quot;:[&quot;desktop&quot;,&quot;tablet&quot;,&quot;mobile&quot;,&quot;widescreen&quot;,&quot;laptop&quot;,&quot;tablet_extra&quot;,&quot;mobile_extra&quot;]}\" class=\"elementor-section elementor-top-section elementor-element elementor-element-acd99a3 elementor-section-full_width premium-equal-height-yes elementor-hidden-mobile elementor-section-height-default elementor-section-height-default\" data-id=\"acd99a3\" data-element_type=\"section\" data-settings=\"{&quot;background_background&quot;:&quot;video&quot;,&quot;background_video_link&quot;:&quot;https:\\\/\\\/www.youtube.com\\\/watch?v=xG-knOg00G0&quot;,&quot;background_play_on_mobile&quot;:&quot;yes&quot;,&quot;premium_eq_height_switcher&quot;:&quot;yes&quot;}\">\n\t\t\t\t\t\t\t\t<div class=\"elementor-background-video-container\">\n\t\t\t\t\t\t\t\t\t\t\t\t\t<div class=\"elementor-background-video-embed\"><\/div>\n\t\t\t\t\t\t\t\t\t\t\t\t<\/div>\n\t\t\t\t\t\t\t\t<div class=\"elementor-container elementor-column-gap-default\">\n\t\t\t\t\t<div class=\"elementor-column elementor-col-50 elementor-top-column elementor-element elementor-element-a328ed5 elementor-hidden-tablet elementor-hidden-mobile\" data-id=\"a328ed5\" data-element_type=\"column\" data-settings=\"{&quot;background_background&quot;:&quot;classic&quot;}\">\n\t\t\t<div class=\"elementor-widget-wrap\">\n\t\t\t\t\t\t\t\t\t<\/div>\n\t\t<\/div>\n\t\t\t\t<div class=\"elementor-column elementor-col-50 elementor-top-column elementor-element elementor-element-1ee62a2 elementor-hidden-tablet elementor-hidden-mobile\" data-id=\"1ee62a2\" data-element_type=\"column\" data-settings=\"{&quot;background_background&quot;:&quot;classic&quot;}\">\n\t\t\t<div class=\"elementor-widget-wrap elementor-element-populated\">\n\t\t\t\t\t\t\t\t<div class=\"elementor-element elementor-element-0a95b36 elementor-widget elementor-widget-heading\" data-id=\"0a95b36\" data-element_type=\"widget\" data-widget_type=\"heading.default\">\n\t\t\t\t<div class=\"elementor-widget-container\">\n\t\t\t<style>\/*! elementor - v3.13.1 - 09-05-2023 *\/\n.elementor-heading-title{padding:0;margin:0;line-height:1}.elementor-widget-heading .elementor-heading-title[class*=elementor-size-]>a{color:inherit;font-size:inherit;line-height:inherit}.elementor-widget-heading .elementor-heading-title.elementor-size-small{font-size:15px}.elementor-widget-heading .elementor-heading-title.elementor-size-medium{font-size:19px}.elementor-widget-heading .elementor-heading-title.elementor-size-large{font-size:29px}.elementor-widget-heading .elementor-heading-title.elementor-size-xl{font-size:39px}.elementor-widget-heading .elementor-heading-title.elementor-size-xxl{font-size:59px}<\/style><h2 class=\"elementor-heading-title elementor-size-default\">INTELLIGENTE<\/h2>\t\t<\/div>\n\t\t\t\t<\/div>\n\t\t\t\t<div class=\"elementor-element elementor-element-5592c88 elementor-widget elementor-widget-heading\" data-id=\"5592c88\" data-element_type=\"widget\" data-widget_type=\"heading.default\">\n\t\t\t\t<div class=\"elementor-widget-container\">\n\t\t\t<h2 class=\"elementor-heading-title elementor-size-default\">Sistemas de recupera\u00e7\u00e3o energ\u00e9tica<\/h2>\t\t<\/div>\n\t\t\t\t<\/div>\n\t\t\t\t\t<\/div>\n\t\t<\/div>\n\t\t\t\t\t\t\t<\/div>\n\t\t<\/section>\n\t\t\t\t<section data-pa-eq-height=\"{&quot;targetType&quot;:&quot;widget&quot;,&quot;target&quot;:&quot;&quot;,&quot;enableOn&quot;:[&quot;desktop&quot;,&quot;tablet&quot;,&quot;mobile&quot;,&quot;widescreen&quot;,&quot;laptop&quot;,&quot;tablet_extra&quot;,&quot;mobile_extra&quot;]}\" class=\"elementor-section elementor-top-section elementor-element elementor-element-27a73cd elementor-section-full_width premium-equal-height-yes elementor-hidden-desktop elementor-hidden-tablet elementor-section-height-default elementor-section-height-default\" data-id=\"27a73cd\" data-element_type=\"section\" data-settings=\"{&quot;background_background&quot;:&quot;video&quot;,&quot;background_video_link&quot;:&quot;https:\\\/\\\/www.youtube.com\\\/watch?v=xG-knOg00G0&quot;,&quot;background_play_on_mobile&quot;:&quot;yes&quot;,&quot;premium_eq_height_switcher&quot;:&quot;yes&quot;}\">\n\t\t\t\t\t\t\t\t<div class=\"elementor-background-video-container\">\n\t\t\t\t\t\t\t\t\t\t\t\t\t<div class=\"elementor-background-video-embed\"><\/div>\n\t\t\t\t\t\t\t\t\t\t\t\t<\/div>\n\t\t\t\t\t\t\t\t<div class=\"elementor-container elementor-column-gap-default\">\n\t\t\t\t\t<div class=\"elementor-column elementor-col-100 elementor-top-column elementor-element elementor-element-92ff895 elementor-hidden-tablet elementor-hidden-desktop\" data-id=\"92ff895\" data-element_type=\"column\" data-settings=\"{&quot;background_background&quot;:&quot;classic&quot;}\">\n\t\t\t<div class=\"elementor-widget-wrap elementor-element-populated\">\n\t\t\t\t\t\t\t\t<div class=\"elementor-element elementor-element-03dbe76 elementor-widget elementor-widget-heading\" data-id=\"03dbe76\" data-element_type=\"widget\" data-widget_type=\"heading.default\">\n\t\t\t\t<div class=\"elementor-widget-container\">\n\t\t\t<h2 class=\"elementor-heading-title elementor-size-default\">INTELLIGENTE<\/h2>\t\t<\/div>\n\t\t\t\t<\/div>\n\t\t\t\t<div class=\"elementor-element elementor-element-47dc33a elementor-widget elementor-widget-heading\" data-id=\"47dc33a\" data-element_type=\"widget\" data-widget_type=\"heading.default\">\n\t\t\t\t<div class=\"elementor-widget-container\">\n\t\t\t<h2 class=\"elementor-heading-title elementor-size-default\">Sistemi di recupero energetico<\/h2>\t\t<\/div>\n\t\t\t\t<\/div>\n\t\t\t\t\t<\/div>\n\t\t<\/div>\n\t\t\t\t\t\t\t<\/div>\n\t\t<\/section>\n\t\t\t\t<section class=\"elementor-section elementor-top-section elementor-element elementor-element-e9e562a elementor-section-boxed elementor-section-height-default elementor-section-height-default\" data-id=\"e9e562a\" data-element_type=\"section\">\n\t\t\t\t\t\t<div class=\"elementor-container elementor-column-gap-wider\">\n\t\t\t\t\t<div class=\"lqd-css-sticky-column elementor-column elementor-col-50 elementor-top-column elementor-element elementor-element-a3520f6 elementor-invisible\" style=\"--lqd-sticky-offset:-40px\" data-id=\"a3520f6\" data-element_type=\"column\" data-settings=\"{&quot;animation&quot;:&quot;slideInLeft&quot;}\">\n\t\t\t<div class=\"elementor-widget-wrap elementor-element-populated\">\n\t\t\t\t\t\t\t\t<div class=\"elementor-element elementor-element-411ccc1 elementor-widget elementor-widget-heading\" data-id=\"411ccc1\" data-element_type=\"widget\" data-widget_type=\"heading.default\">\n\t\t\t\t<div class=\"elementor-widget-container\">\n\t\t\t<h3 class=\"elementor-heading-title elementor-size-default\">A Poppi Clementino Spa \u00e9 uma empresa especializada na otimiza\u00e7\u00e3o do consumo energ\u00e9tico.<\/h3>\t\t<\/div>\n\t\t\t\t<\/div>\n\t\t\t\t<div class=\"elementor-element elementor-element-cf20c25 elementor-widget elementor-widget-text-editor\" data-id=\"cf20c25\" data-element_type=\"widget\" data-widget_type=\"text-editor.default\">\n\t\t\t\t<div class=\"elementor-widget-container\">\n\t\t\t<style>\/*! elementor - v3.13.1 - 09-05-2023 *\/\n.elementor-widget-text-editor.elementor-drop-cap-view-stacked .elementor-drop-cap{background-color:#69727d;color:#fff}.elementor-widget-text-editor.elementor-drop-cap-view-framed .elementor-drop-cap{color:#69727d;border:3px solid;background-color:transparent}.elementor-widget-text-editor:not(.elementor-drop-cap-view-default) .elementor-drop-cap{margin-top:8px}.elementor-widget-text-editor:not(.elementor-drop-cap-view-default) .elementor-drop-cap-letter{width:1em;height:1em}.elementor-widget-text-editor .elementor-drop-cap{float:left;text-align:center;line-height:1;font-size:50px}.elementor-widget-text-editor .elementor-drop-cap-letter{display:inline-block}<\/style>\t\t\t\tMediante uma an\u00e1lise rigorosa dos consumos de energia, decorrentes dos processos de produ\u00e7\u00e3o, a empresa \u00e9 capaz de oferecer a seus clientes uma s\u00e9rie de solu\u00e7\u00f5es personalizadas para a recupera\u00e7\u00e3o energ\u00e9tica e a elimina\u00e7\u00e3o das subst\u00e2ncias poluentes.\nNo processo de produ\u00e7\u00e3o de pavimentos e revestimentos cer\u00e2micos as m\u00e1quinas que precisam para a sua utiliza\u00e7\u00e3o a maior absor\u00e7\u00e3o de energia, s\u00e3o, na ordem, atomizadores e secadores (e fornos).\n<br><br>\nA Poppi Clementino Spa realizou um sistema combinado, focado na recupera\u00e7\u00e3o da energia dos fornos cer\u00e2micos: a fonte principal de recupera\u00e7\u00e3o \u00e9 relativa aos ares de refrigera\u00e7\u00e3o utilizados na parte final dos fornos, que normalmente \u00e9 dispersa atrav\u00e9s das chamin\u00e9s; al\u00e9m disso, tamb\u00e9m as chamin\u00e9s dos fumos cont\u00eam uma quantidade interessante de energia, que normalmente \u00e9 dispersa, mas que pode ser inclu\u00edda na recupera\u00e7\u00e3o energ\u00e9tica.\nA recupera\u00e7\u00e3o energ\u00e9tica dos ares de refrigera\u00e7\u00e3o normalmente \u00e9 chamada &#8220;Recupera\u00e7\u00e3o Direta&#8221;. Ao contr\u00e1rio, a recupera\u00e7\u00e3o do potencial energ\u00e9tico dos fumos, que normalmente \u00e9 efetuada com a aplica\u00e7\u00e3o de um trocador de calor, \u00e9 chamada &#8220;Recupera\u00e7\u00e3o Indireta&#8221;. Na maioria dos casos os dois sistemas, &#8220;direto&#8221; e &#8220;indireto&#8221;, s\u00e3o combinados para alcan\u00e7ar a m\u00e1xima efici\u00eancia.\n\t\t\t\t\t\t<\/div>\n\t\t\t\t<\/div>\n\t\t\t\t<div class=\"elementor-element elementor-element-4b573d8 elementor-widget elementor-widget-heading\" data-id=\"4b573d8\" data-element_type=\"widget\" data-widget_type=\"heading.default\">\n\t\t\t\t<div class=\"elementor-widget-container\">\n\t\t\t<h6 class=\"elementor-heading-title elementor-size-default\">Sistema de Recupera\u00e7\u00e3o Direta:<\/h6>\t\t<\/div>\n\t\t\t\t<\/div>\n\t\t\t\t<div class=\"elementor-element elementor-element-ffa060f elementor-widget elementor-widget-text-editor\" data-id=\"ffa060f\" data-element_type=\"widget\" data-widget_type=\"text-editor.default\">\n\t\t\t\t<div class=\"elementor-widget-container\">\n\t\t\t\t\t\t\tO exemplo abaixo refere-se a um sistema combinado, no qual os ares quentes provenientes das chamin\u00e9s de refrigera\u00e7\u00e3o dos fornos s\u00e3o recirculados para as c\u00e2maras de combust\u00e3o dos atomizadores, a uma temperatura de 170\u00b0C. Neste caso, \u00e9 utilizado um inverter para controlar a velocidade do ventilador, adequadamente dimensionado; o sistema descrito pode economizar cerca de 20-25% sobre os consumos anuais de energia necess\u00e1rios para o funcionamento dos atomizadores.\t\t\t\t\t\t<\/div>\n\t\t\t\t<\/div>\n\t\t\t\t<div class=\"elementor-element elementor-element-f751ec8 elementor-widget elementor-widget-heading\" data-id=\"f751ec8\" data-element_type=\"widget\" data-widget_type=\"heading.default\">\n\t\t\t\t<div class=\"elementor-widget-container\">\n\t\t\t<h6 class=\"elementor-heading-title elementor-size-default\">Sistema de Recupera\u00e7\u00e3o Indireta:<\/h6>\t\t<\/div>\n\t\t\t\t<\/div>\n\t\t\t\t<div class=\"elementor-element elementor-element-3c450e6 elementor-widget elementor-widget-text-editor\" data-id=\"3c450e6\" data-element_type=\"widget\" data-widget_type=\"text-editor.default\">\n\t\t\t\t<div class=\"elementor-widget-container\">\n\t\t\t\t\t\t\tO calor contido nos fumos, que s\u00e3o normalmente dispersos atrav\u00e9s das chamin\u00e9s, precisa um adequado tratamento devido ao conte\u00fado de agentes corrosivos que s\u00e3o os res\u00edduos da combust\u00e3o no forno cer\u00e2mico. Para este tratamento normalmente \u00e9 utilizado um trocador de calor de fumos\/ar com o fim de criar um fluxo de ar quente limpo, adequado para ser reutilizado. Este fluxo de ar quente \u00e9 recirculado para tubula\u00e7\u00f5es providas de um isolamento t\u00e9rmico adequado, que possa reduzir a dissipa\u00e7\u00e3o do calor, alcan\u00e7ando perdas de 1\u00b0C por 10-15 metros de conduta. Implementando adequadamente este sistema, geralmente \u00e9 poss\u00edvel economizar 25-30% sobre o consumo total de energia pelos secadores.\n\t\t\t\t\t\t<\/div>\n\t\t\t\t<\/div>\n\t\t\t\t\t<\/div>\n\t\t<\/div>\n\t\t\t\t<div class=\"elementor-column elementor-col-50 elementor-top-column elementor-element elementor-element-079e919\" data-id=\"079e919\" data-element_type=\"column\">\n\t\t\t<div class=\"elementor-widget-wrap elementor-element-populated\">\n\t\t\t\t\t\t\t\t<div class=\"elementor-element elementor-element-f06ac79 elementor-invisible elementor-widget elementor-widget-image\" data-id=\"f06ac79\" data-element_type=\"widget\" data-settings=\"{&quot;motion_fx_motion_fx_mouse&quot;:&quot;yes&quot;,&quot;motion_fx_tilt_effect&quot;:&quot;yes&quot;,&quot;motion_fx_tilt_direction&quot;:&quot;negative&quot;,&quot;motion_fx_tilt_speed&quot;:{&quot;unit&quot;:&quot;px&quot;,&quot;size&quot;:1.5,&quot;sizes&quot;:[]},&quot;_animation&quot;:&quot;slideInRight&quot;}\" data-widget_type=\"image.default\">\n\t\t\t\t<div class=\"elementor-widget-container\">\n\t\t\t<style>\/*! elementor - v3.13.1 - 09-05-2023 *\/\n.elementor-widget-image{text-align:center}.elementor-widget-image a{display:inline-block}.elementor-widget-image a img[src$=\".svg\"]{width:48px}.elementor-widget-image img{vertical-align:middle;display:inline-block}<\/style>\t\t\t\t\t\t\t\t\t\t\t\t<img width=\"780\" height=\"585\" src=\"https:\/\/www.poppi.it\/wp-content\/uploads\/2022\/07\/01-1024x768.jpg\" class=\"attachment-large size-large wp-image-13489\" alt=\"\" srcset=\"https:\/\/www.poppi.it\/wp-content\/uploads\/2022\/07\/01-1024x768.jpg 1024w, https:\/\/www.poppi.it\/wp-content\/uploads\/2022\/07\/01-300x225.jpg 300w, https:\/\/www.poppi.it\/wp-content\/uploads\/2022\/07\/01-1536x1152.jpg 1536w, https:\/\/www.poppi.it\/wp-content\/uploads\/2022\/07\/01.jpg 1920w\" sizes=\"(max-width: 780px) 100vw, 780px\" \/>\t\t\t\t\t\t\t\t\t\t\t\t\t\t\t<\/div>\n\t\t\t\t<\/div>\n\t\t\t\t<div class=\"elementor-element elementor-element-d94c945 elementor-invisible elementor-widget elementor-widget-image\" data-id=\"d94c945\" data-element_type=\"widget\" data-settings=\"{&quot;motion_fx_motion_fx_mouse&quot;:&quot;yes&quot;,&quot;motion_fx_tilt_effect&quot;:&quot;yes&quot;,&quot;motion_fx_tilt_speed&quot;:{&quot;unit&quot;:&quot;px&quot;,&quot;size&quot;:1.5,&quot;sizes&quot;:[]},&quot;_animation&quot;:&quot;slideInRight&quot;}\" data-widget_type=\"image.default\">\n\t\t\t\t<div class=\"elementor-widget-container\">\n\t\t\t\t\t\t\t\t\t\t\t\t\t\t\t<img width=\"780\" height=\"373\" src=\"data:image\/svg+xml;charset=utf-8,%3Csvg xmlns%3D&#039;http%3A%2F%2Fwww.w3.org%2F2000%2Fsvg&#039; viewBox%3D&#039;0 0 1024 490&#039;%2F%3E\" class=\"attachment-large size-large wp-image-13488 ld-lazyload\" alt=\"\" data-src=\"https:\/\/www.poppi.it\/wp-content\/uploads\/2022\/07\/intelligente2-1024x490.jpg\" data-srcset=\"https:\/\/www.poppi.it\/wp-content\/uploads\/2022\/07\/intelligente2-1024x490.jpg 1024w, https:\/\/www.poppi.it\/wp-content\/uploads\/2022\/07\/intelligente2-300x144.jpg 300w, https:\/\/www.poppi.it\/wp-content\/uploads\/2022\/07\/intelligente2.jpg 1170w\" data-sizes=\"(max-width: 780px) 100vw, 780px\" data-aspect=\"2.0897959183673\" \/>\t\t\t\t\t\t\t\t\t\t\t\t\t\t\t<\/div>\n\t\t\t\t<\/div>\n\t\t\t\t<div class=\"elementor-element elementor-element-c26ac3d elementor-invisible elementor-widget elementor-widget-image\" data-id=\"c26ac3d\" data-element_type=\"widget\" data-settings=\"{&quot;motion_fx_motion_fx_mouse&quot;:&quot;yes&quot;,&quot;motion_fx_tilt_effect&quot;:&quot;yes&quot;,&quot;motion_fx_tilt_direction&quot;:&quot;negative&quot;,&quot;motion_fx_tilt_speed&quot;:{&quot;unit&quot;:&quot;px&quot;,&quot;size&quot;:1,&quot;sizes&quot;:[]},&quot;_animation&quot;:&quot;slideInRight&quot;}\" data-widget_type=\"image.default\">\n\t\t\t\t<div class=\"elementor-widget-container\">\n\t\t\t\t\t\t\t\t\t\t\t\t\t\t\t<img width=\"780\" height=\"585\" src=\"data:image\/svg+xml;charset=utf-8,%3Csvg xmlns%3D&#039;http%3A%2F%2Fwww.w3.org%2F2000%2Fsvg&#039; viewBox%3D&#039;0 0 1024 768&#039;%2F%3E\" class=\"attachment-large size-large wp-image-13487 ld-lazyload\" alt=\"\" data-src=\"https:\/\/www.poppi.it\/wp-content\/uploads\/2022\/07\/03-1024x768.jpg\" data-srcset=\"https:\/\/www.poppi.it\/wp-content\/uploads\/2022\/07\/03-1024x768.jpg 1024w, https:\/\/www.poppi.it\/wp-content\/uploads\/2022\/07\/03-300x225.jpg 300w, https:\/\/www.poppi.it\/wp-content\/uploads\/2022\/07\/03-1536x1152.jpg 1536w, https:\/\/www.poppi.it\/wp-content\/uploads\/2022\/07\/03.jpg 1920w\" data-sizes=\"(max-width: 780px) 100vw, 780px\" data-aspect=\"1.3333333333333\" \/>\t\t\t\t\t\t\t\t\t\t\t\t\t\t\t<\/div>\n\t\t\t\t<\/div>\n\t\t\t\t<div class=\"elementor-element elementor-element-8c9217d elementor-widget elementor-widget-ld_masked_image\" data-id=\"8c9217d\" data-element_type=\"widget\" data-widget_type=\"ld_masked_image.default\">\n\t\t\t\t<div class=\"elementor-widget-container\">\n\t\t\t\n\t\t<style>\n\t\t\t#ld_masked_image-69e631dfbaad4 .clip-svg {\n\t\t\t\tclip-path: url(#svg-69e631dfbaad2);\n\t\t\t\t-webkit-clip-path: url(#svg-69e631dfbaad2);\n\t\t\t\tbackground-size: cover;\n\t\t\t\tbackground-position-x: 50%;\n\t\t\t\tbackground-position-y: 50%;\n\t\t\t}\n\t\t<\/style>\n\n\t\t<div class=\"ld-masked-image\" id=\"ld_masked_image-69e631dfbaad4\" data-dynamic-shape=\"true\">\n\t\t\t<svg class=\"scene lqd-overlay\" viewBox=\"140 140 140 140\">\n\t\t\t\t<defs>\n\t\t\t\t\t<clipPath id=\"svg-69e631dfbaad2\" clipPathUnits=\"objectBoundingBox\" transform=\"scale(0.00158)\">\n\t\t\t\t\t\t<path\n\t\t\t\t\t\t\tvector-effect=\"non-scaling-stroke\"\n\t\t\t\t\t\t\tfill=\"black\"\n\t\t\t\t\t\t\td=\"M212.625,0.091 C319.112,-2.992 719.225,71.583 615.507,328.179 C511.789,584.775 250.263,624.292 112.94,568.057 C-24.383,511.822 -12.023,229.89 23.583,138.127 C59.189,46.364 106.138,3.174 212.625,0.091 Z\"\n\t\t\t\t\t\t\tpathdata:id=\"M362.5,4 C487,4 631,-44 631,201.5 C631,447 538,623.5 310.5,581.5 C83,539.5 -29.917,266.627 7,156.5 C43.917,46.373 238,4 362.5,4 Z;M370,18 C494.5,18 627,-56.5 627,189 C627,434.5 405.5,573.5 155.5,581 C-94.5,588.5 23.083,175.127 60,65 C96.917,-45.127 245.5,18 370,18 Z\"\n\t\t\t\t\t\t\/>\n\t\t\t\t\t<\/clipPath>\n\t\t\t\t<\/defs>\n\t\t\t<\/svg>\n\n\t\t\t<figure class=\"clip-svg\" data-responsive-bg=\"true\" style='background-image: url(\"https:\/\/www.poppi.it\/wp-content\/plugins\/elementor\/assets\/images\/placeholder.png\");' >\n\t\t\t\t\t\t\t<\/figure>\n\t\t<\/div>\n\n\t\t\t\t<\/div>\n\t\t\t\t<\/div>\n\t\t\t\t\t<\/div>\n\t\t<\/div>\n\t\t\t\t\t\t\t<\/div>\n\t\t<\/section>\n\t\t\t\t\t\t\t<\/div>\n\t\t","protected":false},"excerpt":{"rendered":"<p>INTELLIGENTE Sistemas de recupera\u00e7\u00e3o energ\u00e9tica INTELLIGENTE Sistemi di recupero energetico A Poppi Clementino Spa \u00e9 uma empresa especializada na otimiza\u00e7\u00e3o do consumo energ\u00e9tico. Mediante uma an\u00e1lise rigorosa dos consumos de energia, decorrentes dos processos de produ\u00e7\u00e3o, a empresa \u00e9 capaz de oferecer a seus clientes uma s\u00e9rie de solu\u00e7\u00f5es personalizadas para a recupera\u00e7\u00e3o energ\u00e9tica e [&hellip;]<\/p>\n","protected":false},"author":2,"featured_media":0,"parent":0,"menu_order":0,"comment_status":"closed","ping_status":"closed","template":"","meta":[],"acf":[],"_links":{"self":[{"href":"https:\/\/www.poppi.it\/pt-pt\/wp-json\/wp\/v2\/pages\/16694"}],"collection":[{"href":"https:\/\/www.poppi.it\/pt-pt\/wp-json\/wp\/v2\/pages"}],"about":[{"href":"https:\/\/www.poppi.it\/pt-pt\/wp-json\/wp\/v2\/types\/page"}],"author":[{"embeddable":true,"href":"https:\/\/www.poppi.it\/pt-pt\/wp-json\/wp\/v2\/users\/2"}],"replies":[{"embeddable":true,"href":"https:\/\/www.poppi.it\/pt-pt\/wp-json\/wp\/v2\/comments?post=16694"}],"version-history":[{"count":4,"href":"https:\/\/www.poppi.it\/pt-pt\/wp-json\/wp\/v2\/pages\/16694\/revisions"}],"predecessor-version":[{"id":16698,"href":"https:\/\/www.poppi.it\/pt-pt\/wp-json\/wp\/v2\/pages\/16694\/revisions\/16698"}],"wp:attachment":[{"href":"https:\/\/www.poppi.it\/pt-pt\/wp-json\/wp\/v2\/media?parent=16694"}],"curies":[{"name":"wp","href":"https:\/\/api.w.org\/{rel}","templated":true}]}}