{"id":16011,"date":"2022-07-14T15:59:04","date_gmt":"2022-07-14T15:59:04","guid":{"rendered":"https:\/\/www.poppi.it\/intelligente-recupero-energetico\/"},"modified":"2023-04-11T08:19:19","modified_gmt":"2023-04-11T08:19:19","slug":"intelligente-recuperation-energetique","status":"publish","type":"page","link":"https:\/\/www.poppi.it\/fr\/intelligente-recuperation-energetique\/","title":{"rendered":"INTELLIGENTE Syst\u00e8mes de r\u00e9cup\u00e9ration \u00e9nerg\u00e9tique"},"content":{"rendered":"\t\t<div data-elementor-type=\"wp-page\" data-elementor-id=\"16011\" class=\"elementor elementor-16011 elementor-13480\">\n\t\t\t\t\t\t\t\t\t<section data-pa-eq-height=\"{&quot;targetType&quot;:&quot;widget&quot;,&quot;target&quot;:&quot;&quot;,&quot;enableOn&quot;:[&quot;desktop&quot;,&quot;tablet&quot;,&quot;mobile&quot;,&quot;widescreen&quot;,&quot;laptop&quot;,&quot;tablet_extra&quot;,&quot;mobile_extra&quot;]}\" class=\"elementor-section elementor-top-section elementor-element elementor-element-acd99a3 elementor-section-full_width premium-equal-height-yes elementor-hidden-mobile elementor-section-height-default elementor-section-height-default\" data-id=\"acd99a3\" data-element_type=\"section\" data-settings=\"{&quot;background_background&quot;:&quot;video&quot;,&quot;background_video_link&quot;:&quot;https:\\\/\\\/www.youtube.com\\\/watch?v=xG-knOg00G0&quot;,&quot;background_play_on_mobile&quot;:&quot;yes&quot;,&quot;premium_eq_height_switcher&quot;:&quot;yes&quot;}\">\n\t\t\t\t\t\t\t\t<div class=\"elementor-background-video-container\">\n\t\t\t\t\t\t\t\t\t\t\t\t\t<div class=\"elementor-background-video-embed\"><\/div>\n\t\t\t\t\t\t\t\t\t\t\t\t<\/div>\n\t\t\t\t\t\t\t\t<div class=\"elementor-container elementor-column-gap-default\">\n\t\t\t\t\t<div class=\"elementor-column elementor-col-50 elementor-top-column elementor-element elementor-element-a328ed5 elementor-hidden-tablet elementor-hidden-mobile\" data-id=\"a328ed5\" data-element_type=\"column\" data-settings=\"{&quot;background_background&quot;:&quot;classic&quot;}\">\n\t\t\t<div class=\"elementor-widget-wrap\">\n\t\t\t\t\t\t\t\t\t<\/div>\n\t\t<\/div>\n\t\t\t\t<div class=\"elementor-column elementor-col-50 elementor-top-column elementor-element elementor-element-1ee62a2 elementor-hidden-tablet elementor-hidden-mobile\" data-id=\"1ee62a2\" data-element_type=\"column\" data-settings=\"{&quot;background_background&quot;:&quot;classic&quot;}\">\n\t\t\t<div class=\"elementor-widget-wrap elementor-element-populated\">\n\t\t\t\t\t\t\t\t<div class=\"elementor-element elementor-element-0a95b36 elementor-widget elementor-widget-heading\" data-id=\"0a95b36\" data-element_type=\"widget\" data-widget_type=\"heading.default\">\n\t\t\t\t<div class=\"elementor-widget-container\">\n\t\t\t<style>\/*! elementor - v3.13.1 - 09-05-2023 *\/\n.elementor-heading-title{padding:0;margin:0;line-height:1}.elementor-widget-heading .elementor-heading-title[class*=elementor-size-]>a{color:inherit;font-size:inherit;line-height:inherit}.elementor-widget-heading .elementor-heading-title.elementor-size-small{font-size:15px}.elementor-widget-heading .elementor-heading-title.elementor-size-medium{font-size:19px}.elementor-widget-heading .elementor-heading-title.elementor-size-large{font-size:29px}.elementor-widget-heading .elementor-heading-title.elementor-size-xl{font-size:39px}.elementor-widget-heading .elementor-heading-title.elementor-size-xxl{font-size:59px}<\/style><h2 class=\"elementor-heading-title elementor-size-default\">INTELLIGENTE<\/h2>\t\t<\/div>\n\t\t\t\t<\/div>\n\t\t\t\t<div class=\"elementor-element elementor-element-5592c88 elementor-widget elementor-widget-heading\" data-id=\"5592c88\" data-element_type=\"widget\" data-widget_type=\"heading.default\">\n\t\t\t\t<div class=\"elementor-widget-container\">\n\t\t\t<h2 class=\"elementor-heading-title elementor-size-default\">Syst\u00e8mes de r\u00e9cup\u00e9ration \u00e9nerg\u00e9tique<\/h2>\t\t<\/div>\n\t\t\t\t<\/div>\n\t\t\t\t\t<\/div>\n\t\t<\/div>\n\t\t\t\t\t\t\t<\/div>\n\t\t<\/section>\n\t\t\t\t<section data-pa-eq-height=\"{&quot;targetType&quot;:&quot;widget&quot;,&quot;target&quot;:&quot;&quot;,&quot;enableOn&quot;:[&quot;desktop&quot;,&quot;tablet&quot;,&quot;mobile&quot;,&quot;widescreen&quot;,&quot;laptop&quot;,&quot;tablet_extra&quot;,&quot;mobile_extra&quot;]}\" class=\"elementor-section elementor-top-section elementor-element elementor-element-27a73cd elementor-section-full_width premium-equal-height-yes elementor-hidden-desktop elementor-hidden-tablet elementor-section-height-default elementor-section-height-default\" data-id=\"27a73cd\" data-element_type=\"section\" data-settings=\"{&quot;background_background&quot;:&quot;video&quot;,&quot;background_video_link&quot;:&quot;https:\\\/\\\/www.youtube.com\\\/watch?v=xG-knOg00G0&quot;,&quot;background_play_on_mobile&quot;:&quot;yes&quot;,&quot;premium_eq_height_switcher&quot;:&quot;yes&quot;}\">\n\t\t\t\t\t\t\t\t<div class=\"elementor-background-video-container\">\n\t\t\t\t\t\t\t\t\t\t\t\t\t<div class=\"elementor-background-video-embed\"><\/div>\n\t\t\t\t\t\t\t\t\t\t\t\t<\/div>\n\t\t\t\t\t\t\t\t<div class=\"elementor-container elementor-column-gap-default\">\n\t\t\t\t\t<div class=\"elementor-column elementor-col-100 elementor-top-column elementor-element elementor-element-92ff895 elementor-hidden-tablet elementor-hidden-desktop\" data-id=\"92ff895\" data-element_type=\"column\" data-settings=\"{&quot;background_background&quot;:&quot;classic&quot;}\">\n\t\t\t<div class=\"elementor-widget-wrap elementor-element-populated\">\n\t\t\t\t\t\t\t\t<div class=\"elementor-element elementor-element-03dbe76 elementor-widget elementor-widget-heading\" data-id=\"03dbe76\" data-element_type=\"widget\" data-widget_type=\"heading.default\">\n\t\t\t\t<div class=\"elementor-widget-container\">\n\t\t\t<h2 class=\"elementor-heading-title elementor-size-default\">INTELLIGENTE<\/h2>\t\t<\/div>\n\t\t\t\t<\/div>\n\t\t\t\t<div class=\"elementor-element elementor-element-47dc33a elementor-widget elementor-widget-heading\" data-id=\"47dc33a\" data-element_type=\"widget\" data-widget_type=\"heading.default\">\n\t\t\t\t<div class=\"elementor-widget-container\">\n\t\t\t<h2 class=\"elementor-heading-title elementor-size-default\">Sistemi di recupero energetico<\/h2>\t\t<\/div>\n\t\t\t\t<\/div>\n\t\t\t\t\t<\/div>\n\t\t<\/div>\n\t\t\t\t\t\t\t<\/div>\n\t\t<\/section>\n\t\t\t\t<section class=\"elementor-section elementor-top-section elementor-element elementor-element-e9e562a elementor-section-boxed elementor-section-height-default elementor-section-height-default\" data-id=\"e9e562a\" data-element_type=\"section\">\n\t\t\t\t\t\t<div class=\"elementor-container elementor-column-gap-wider\">\n\t\t\t\t\t<div class=\"lqd-css-sticky-column elementor-column elementor-col-50 elementor-top-column elementor-element elementor-element-a3520f6 elementor-invisible\" style=\"--lqd-sticky-offset:-40px\" data-id=\"a3520f6\" data-element_type=\"column\" data-settings=\"{&quot;animation&quot;:&quot;slideInLeft&quot;}\">\n\t\t\t<div class=\"elementor-widget-wrap elementor-element-populated\">\n\t\t\t\t\t\t\t\t<div class=\"elementor-element elementor-element-411ccc1 elementor-widget elementor-widget-heading\" data-id=\"411ccc1\" data-element_type=\"widget\" data-widget_type=\"heading.default\">\n\t\t\t\t<div class=\"elementor-widget-container\">\n\t\t\t<h3 class=\"elementor-heading-title elementor-size-default\">Poppi Clementino Spa est une entreprise sp\u00e9cialis\u00e9e dans l\u2019optimisation de la consommation d\u2019\u00e9nergie.<\/h3>\t\t<\/div>\n\t\t\t\t<\/div>\n\t\t\t\t<div class=\"elementor-element elementor-element-cf20c25 elementor-widget elementor-widget-text-editor\" data-id=\"cf20c25\" data-element_type=\"widget\" data-widget_type=\"text-editor.default\">\n\t\t\t\t<div class=\"elementor-widget-container\">\n\t\t\t<style>\/*! elementor - v3.13.1 - 09-05-2023 *\/\n.elementor-widget-text-editor.elementor-drop-cap-view-stacked .elementor-drop-cap{background-color:#69727d;color:#fff}.elementor-widget-text-editor.elementor-drop-cap-view-framed .elementor-drop-cap{color:#69727d;border:3px solid;background-color:transparent}.elementor-widget-text-editor:not(.elementor-drop-cap-view-default) .elementor-drop-cap{margin-top:8px}.elementor-widget-text-editor:not(.elementor-drop-cap-view-default) .elementor-drop-cap-letter{width:1em;height:1em}.elementor-widget-text-editor .elementor-drop-cap{float:left;text-align:center;line-height:1;font-size:50px}.elementor-widget-text-editor .elementor-drop-cap-letter{display:inline-block}<\/style>\t\t\t\t\u00c0 travers l\u2019analyse soign\u00e9e des consommations d\u2019\u00e9nergie d\u00e9coulant des proc\u00e9d\u00e9s de production, l\u2019entreprise est en mesure d\u2019offrir \u00e0 ses clients une s\u00e9rie de solutions personnalis\u00e9es pour la r\u00e9cup\u00e9ration \u00e9nerg\u00e9tique et l\u2019\u00e9limination des substances polluantes.\nDans le proc\u00e9d\u00e9 de production de sols et rev\u00eatements en c\u00e9ramique, les machines qui n\u00e9cessitent, pour leur utilisation, une absorption d\u2019\u00e9nergie plus importante sont, dans l\u2019ordre, les atomiseurs et les s\u00e9choirs (et les fours).\n<br><br>\nPoppi Clementino Spa a d\u00e9velopp\u00e9 un syst\u00e8me combin\u00e9, focalis\u00e9 sur la r\u00e9cup\u00e9ration de l\u2019\u00e9nergie des fours c\u00e9ramiques : la principale source de r\u00e9cup\u00e9ration est relative aux airs de refroidissement employ\u00e9s dans la partie finale des fours, qui est normalement dispers\u00e9e \u00e0 travers les chemin\u00e9es ; en outre, les chemin\u00e9es de fum\u00e9es contiennent une quantit\u00e9 int\u00e9ressante d\u2019\u00e9nergie qui est g\u00e9n\u00e9ralement dispers\u00e9e mais qui se pr\u00eate \u00e0 la r\u00e9cup\u00e9ration \u00e9nerg\u00e9tique.\nLa r\u00e9cup\u00e9ration \u00e9nerg\u00e9tique des airs de refroidissement est g\u00e9n\u00e9ralement appel\u00e9e \u00ab r\u00e9cup\u00e9ration directe \u00bb. Au contraire, la r\u00e9cup\u00e9ration du potentiel \u00e9nerg\u00e9tique des fum\u00e9es, qui s\u2019effectue normalement en appliquant un \u00e9changeur de chaleur, est appel\u00e9e \u00ab R\u00e9cup\u00e9ration indirecte \u00bb. Dans la plupart des cas, les deux syst\u00e8mes, \u00ab direct \u00bb et \u00ab indirect \u00bb, sont associ\u00e9s pour atteindre une efficacit\u00e9 maximale.\t\t\t\t\t\t<\/div>\n\t\t\t\t<\/div>\n\t\t\t\t<div class=\"elementor-element elementor-element-4b573d8 elementor-widget elementor-widget-heading\" data-id=\"4b573d8\" data-element_type=\"widget\" data-widget_type=\"heading.default\">\n\t\t\t\t<div class=\"elementor-widget-container\">\n\t\t\t<h6 class=\"elementor-heading-title elementor-size-default\">Syst\u00e8me de R\u00e9cup\u00e9ration Directe:<\/h6>\t\t<\/div>\n\t\t\t\t<\/div>\n\t\t\t\t<div class=\"elementor-element elementor-element-ffa060f elementor-widget elementor-widget-text-editor\" data-id=\"ffa060f\" data-element_type=\"widget\" data-widget_type=\"text-editor.default\">\n\t\t\t\t<div class=\"elementor-widget-container\">\n\t\t\t\t\t\t\tL\u2019exemple ci-dessous se rapporte \u00e0 un syst\u00e8me combin\u00e9, o\u00f9 les airs chauds issus des conduits de refroidissement des fours sont r\u00e9-circul\u00e9s vers les chambres de combustion des atomiseurs, \u00e0 une temp\u00e9rature de 170\u00b0C. Dans ce cas, un inverseur est utilis\u00e9 pour contr\u00f4ler la vitesse de l\u2019h\u00e9lice de ventilation, dimensionn\u00e9e \u00e0 cet effet ; le syst\u00e8me d\u00e9crit peut atteindre des \u00e9conomies de l\u2019ordre de 20-25% sur les consommations annuelles d\u2019\u00e9nergie requises pour le fonctionnement des atomiseurs.\t\t\t\t\t\t<\/div>\n\t\t\t\t<\/div>\n\t\t\t\t<div class=\"elementor-element elementor-element-f751ec8 elementor-widget elementor-widget-heading\" data-id=\"f751ec8\" data-element_type=\"widget\" data-widget_type=\"heading.default\">\n\t\t\t\t<div class=\"elementor-widget-container\">\n\t\t\t<h6 class=\"elementor-heading-title elementor-size-default\">Syst\u00e8me de R\u00e9cup\u00e9ration Indirecte:<\/h6>\t\t<\/div>\n\t\t\t\t<\/div>\n\t\t\t\t<div class=\"elementor-element elementor-element-3c450e6 elementor-widget elementor-widget-text-editor\" data-id=\"3c450e6\" data-element_type=\"widget\" data-widget_type=\"text-editor.default\">\n\t\t\t\t<div class=\"elementor-widget-container\">\n\t\t\t\t\t\t\tLa chaleur contenue dans les fum\u00e9es, qui sont g\u00e9n\u00e9ralement dispers\u00e9es \u00e0 travers les chemin\u00e9es, requiert un traitement appropri\u00e9 \u00e0 cause de leur contenu en agents corrosifs, qui sont les r\u00e9sidus de la combustion dans le four c\u00e9ramique. Pour ce traitement est g\u00e9n\u00e9ralement utilis\u00e9 un \u00e9changeur de chaleur fum\u00e9es\/air, en vue de g\u00e9n\u00e9rer un flux d\u2019air chaud propre, qui peut \u00eatre r\u00e9utilis\u00e9. Ce flux d\u2019air chaud est r\u00e9-circul\u00e9 dans des tuyauteries munies d\u2019une isolation thermique appropri\u00e9e, en mesure de contenir la dissipation de chaleur, en atteignant des pertes d\u20191\u00b0C tous les 10-15 m\u00e8tres de conduit. \u00c0 travers le d\u00e9veloppement appropri\u00e9 de ce syst\u00e8me, il est g\u00e9n\u00e9ralement possible de parvenir \u00e0 des \u00e9conomies de l\u2019ordre de 25-30% sur la consommation totale d\u2019\u00e9nergie de la part des s\u00e9choirs.\n\t\t\t\t\t\t<\/div>\n\t\t\t\t<\/div>\n\t\t\t\t\t<\/div>\n\t\t<\/div>\n\t\t\t\t<div class=\"elementor-column elementor-col-50 elementor-top-column elementor-element elementor-element-079e919\" data-id=\"079e919\" data-element_type=\"column\">\n\t\t\t<div class=\"elementor-widget-wrap elementor-element-populated\">\n\t\t\t\t\t\t\t\t<div class=\"elementor-element elementor-element-f06ac79 elementor-invisible elementor-widget elementor-widget-image\" data-id=\"f06ac79\" data-element_type=\"widget\" data-settings=\"{&quot;motion_fx_motion_fx_mouse&quot;:&quot;yes&quot;,&quot;motion_fx_tilt_effect&quot;:&quot;yes&quot;,&quot;motion_fx_tilt_direction&quot;:&quot;negative&quot;,&quot;motion_fx_tilt_speed&quot;:{&quot;unit&quot;:&quot;px&quot;,&quot;size&quot;:1.5,&quot;sizes&quot;:[]},&quot;_animation&quot;:&quot;slideInRight&quot;}\" data-widget_type=\"image.default\">\n\t\t\t\t<div class=\"elementor-widget-container\">\n\t\t\t<style>\/*! elementor - v3.13.1 - 09-05-2023 *\/\n.elementor-widget-image{text-align:center}.elementor-widget-image a{display:inline-block}.elementor-widget-image a img[src$=\".svg\"]{width:48px}.elementor-widget-image img{vertical-align:middle;display:inline-block}<\/style>\t\t\t\t\t\t\t\t\t\t\t\t<img width=\"780\" height=\"585\" src=\"https:\/\/www.poppi.it\/wp-content\/uploads\/2022\/07\/01-1024x768.jpg\" class=\"attachment-large size-large wp-image-13489\" alt=\"\" srcset=\"https:\/\/www.poppi.it\/wp-content\/uploads\/2022\/07\/01-1024x768.jpg 1024w, https:\/\/www.poppi.it\/wp-content\/uploads\/2022\/07\/01-300x225.jpg 300w, https:\/\/www.poppi.it\/wp-content\/uploads\/2022\/07\/01-1536x1152.jpg 1536w, https:\/\/www.poppi.it\/wp-content\/uploads\/2022\/07\/01.jpg 1920w\" sizes=\"(max-width: 780px) 100vw, 780px\" \/>\t\t\t\t\t\t\t\t\t\t\t\t\t\t\t<\/div>\n\t\t\t\t<\/div>\n\t\t\t\t<div class=\"elementor-element elementor-element-d94c945 elementor-invisible elementor-widget elementor-widget-image\" data-id=\"d94c945\" data-element_type=\"widget\" data-settings=\"{&quot;motion_fx_motion_fx_mouse&quot;:&quot;yes&quot;,&quot;motion_fx_tilt_effect&quot;:&quot;yes&quot;,&quot;motion_fx_tilt_speed&quot;:{&quot;unit&quot;:&quot;px&quot;,&quot;size&quot;:1.5,&quot;sizes&quot;:[]},&quot;_animation&quot;:&quot;slideInRight&quot;}\" data-widget_type=\"image.default\">\n\t\t\t\t<div class=\"elementor-widget-container\">\n\t\t\t\t\t\t\t\t\t\t\t\t\t\t\t<img width=\"780\" height=\"373\" src=\"data:image\/svg+xml;charset=utf-8,%3Csvg xmlns%3D&#039;http%3A%2F%2Fwww.w3.org%2F2000%2Fsvg&#039; viewBox%3D&#039;0 0 1024 490&#039;%2F%3E\" class=\"attachment-large size-large wp-image-13488 ld-lazyload\" alt=\"\" data-src=\"https:\/\/www.poppi.it\/wp-content\/uploads\/2022\/07\/intelligente2-1024x490.jpg\" data-srcset=\"https:\/\/www.poppi.it\/wp-content\/uploads\/2022\/07\/intelligente2-1024x490.jpg 1024w, https:\/\/www.poppi.it\/wp-content\/uploads\/2022\/07\/intelligente2-300x144.jpg 300w, https:\/\/www.poppi.it\/wp-content\/uploads\/2022\/07\/intelligente2.jpg 1170w\" data-sizes=\"(max-width: 780px) 100vw, 780px\" data-aspect=\"2.0897959183673\" \/>\t\t\t\t\t\t\t\t\t\t\t\t\t\t\t<\/div>\n\t\t\t\t<\/div>\n\t\t\t\t<div class=\"elementor-element elementor-element-c26ac3d elementor-invisible elementor-widget elementor-widget-image\" data-id=\"c26ac3d\" data-element_type=\"widget\" data-settings=\"{&quot;motion_fx_motion_fx_mouse&quot;:&quot;yes&quot;,&quot;motion_fx_tilt_effect&quot;:&quot;yes&quot;,&quot;motion_fx_tilt_direction&quot;:&quot;negative&quot;,&quot;motion_fx_tilt_speed&quot;:{&quot;unit&quot;:&quot;px&quot;,&quot;size&quot;:1,&quot;sizes&quot;:[]},&quot;_animation&quot;:&quot;slideInRight&quot;}\" data-widget_type=\"image.default\">\n\t\t\t\t<div class=\"elementor-widget-container\">\n\t\t\t\t\t\t\t\t\t\t\t\t\t\t\t<img width=\"780\" height=\"585\" src=\"data:image\/svg+xml;charset=utf-8,%3Csvg xmlns%3D&#039;http%3A%2F%2Fwww.w3.org%2F2000%2Fsvg&#039; viewBox%3D&#039;0 0 1024 768&#039;%2F%3E\" class=\"attachment-large size-large wp-image-13487 ld-lazyload\" alt=\"\" data-src=\"https:\/\/www.poppi.it\/wp-content\/uploads\/2022\/07\/03-1024x768.jpg\" data-srcset=\"https:\/\/www.poppi.it\/wp-content\/uploads\/2022\/07\/03-1024x768.jpg 1024w, https:\/\/www.poppi.it\/wp-content\/uploads\/2022\/07\/03-300x225.jpg 300w, https:\/\/www.poppi.it\/wp-content\/uploads\/2022\/07\/03-1536x1152.jpg 1536w, https:\/\/www.poppi.it\/wp-content\/uploads\/2022\/07\/03.jpg 1920w\" data-sizes=\"(max-width: 780px) 100vw, 780px\" data-aspect=\"1.3333333333333\" \/>\t\t\t\t\t\t\t\t\t\t\t\t\t\t\t<\/div>\n\t\t\t\t<\/div>\n\t\t\t\t<div class=\"elementor-element elementor-element-8c9217d elementor-widget elementor-widget-ld_masked_image\" data-id=\"8c9217d\" data-element_type=\"widget\" data-widget_type=\"ld_masked_image.default\">\n\t\t\t\t<div class=\"elementor-widget-container\">\n\t\t\t\n\t\t<style>\n\t\t\t#ld_masked_image-69e632141cbb4 .clip-svg {\n\t\t\t\tclip-path: url(#svg-69e632141cbb2);\n\t\t\t\t-webkit-clip-path: url(#svg-69e632141cbb2);\n\t\t\t\tbackground-size: cover;\n\t\t\t\tbackground-position-x: 50%;\n\t\t\t\tbackground-position-y: 50%;\n\t\t\t}\n\t\t<\/style>\n\n\t\t<div class=\"ld-masked-image\" id=\"ld_masked_image-69e632141cbb4\" data-dynamic-shape=\"true\">\n\t\t\t<svg class=\"scene lqd-overlay\" viewBox=\"140 140 140 140\">\n\t\t\t\t<defs>\n\t\t\t\t\t<clipPath id=\"svg-69e632141cbb2\" clipPathUnits=\"objectBoundingBox\" transform=\"scale(0.00158)\">\n\t\t\t\t\t\t<path\n\t\t\t\t\t\t\tvector-effect=\"non-scaling-stroke\"\n\t\t\t\t\t\t\tfill=\"black\"\n\t\t\t\t\t\t\td=\"M212.625,0.091 C319.112,-2.992 719.225,71.583 615.507,328.179 C511.789,584.775 250.263,624.292 112.94,568.057 C-24.383,511.822 -12.023,229.89 23.583,138.127 C59.189,46.364 106.138,3.174 212.625,0.091 Z\"\n\t\t\t\t\t\t\tpathdata:id=\"M362.5,4 C487,4 631,-44 631,201.5 C631,447 538,623.5 310.5,581.5 C83,539.5 -29.917,266.627 7,156.5 C43.917,46.373 238,4 362.5,4 Z;M370,18 C494.5,18 627,-56.5 627,189 C627,434.5 405.5,573.5 155.5,581 C-94.5,588.5 23.083,175.127 60,65 C96.917,-45.127 245.5,18 370,18 Z\"\n\t\t\t\t\t\t\/>\n\t\t\t\t\t<\/clipPath>\n\t\t\t\t<\/defs>\n\t\t\t<\/svg>\n\n\t\t\t<figure class=\"clip-svg\" data-responsive-bg=\"true\" style='background-image: url(\"https:\/\/www.poppi.it\/wp-content\/plugins\/elementor\/assets\/images\/placeholder.png\");' >\n\t\t\t\t\t\t\t<\/figure>\n\t\t<\/div>\n\n\t\t\t\t<\/div>\n\t\t\t\t<\/div>\n\t\t\t\t\t<\/div>\n\t\t<\/div>\n\t\t\t\t\t\t\t<\/div>\n\t\t<\/section>\n\t\t\t\t\t\t\t<\/div>\n\t\t","protected":false},"excerpt":{"rendered":"<p>INTELLIGENTE Syst\u00e8mes de r\u00e9cup\u00e9ration \u00e9nerg\u00e9tique INTELLIGENTE Sistemi di recupero energetico Poppi Clementino Spa est une entreprise sp\u00e9cialis\u00e9e dans l\u2019optimisation de la consommation d\u2019\u00e9nergie. \u00c0 travers l\u2019analyse soign\u00e9e des consommations d\u2019\u00e9nergie d\u00e9coulant des proc\u00e9d\u00e9s de production, l\u2019entreprise est en mesure d\u2019offrir \u00e0 ses clients une s\u00e9rie de solutions personnalis\u00e9es pour la r\u00e9cup\u00e9ration \u00e9nerg\u00e9tique et l\u2019\u00e9limination des [&hellip;]<\/p>\n","protected":false},"author":2,"featured_media":0,"parent":0,"menu_order":0,"comment_status":"closed","ping_status":"closed","template":"","meta":[],"acf":[],"_links":{"self":[{"href":"https:\/\/www.poppi.it\/fr\/wp-json\/wp\/v2\/pages\/16011"}],"collection":[{"href":"https:\/\/www.poppi.it\/fr\/wp-json\/wp\/v2\/pages"}],"about":[{"href":"https:\/\/www.poppi.it\/fr\/wp-json\/wp\/v2\/types\/page"}],"author":[{"embeddable":true,"href":"https:\/\/www.poppi.it\/fr\/wp-json\/wp\/v2\/users\/2"}],"replies":[{"embeddable":true,"href":"https:\/\/www.poppi.it\/fr\/wp-json\/wp\/v2\/comments?post=16011"}],"version-history":[{"count":4,"href":"https:\/\/www.poppi.it\/fr\/wp-json\/wp\/v2\/pages\/16011\/revisions"}],"predecessor-version":[{"id":16016,"href":"https:\/\/www.poppi.it\/fr\/wp-json\/wp\/v2\/pages\/16011\/revisions\/16016"}],"wp:attachment":[{"href":"https:\/\/www.poppi.it\/fr\/wp-json\/wp\/v2\/media?parent=16011"}],"curies":[{"name":"wp","href":"https:\/\/api.w.org\/{rel}","templated":true}]}}