{"id":15457,"date":"2022-09-09T12:26:41","date_gmt":"2022-09-09T12:26:41","guid":{"rendered":"https:\/\/www.poppi.it\/sistemi-di-cogenerazione\/"},"modified":"2022-10-18T13:29:14","modified_gmt":"2022-10-18T13:29:14","slug":"sistemas-de-cogeneracion","status":"publish","type":"page","link":"https:\/\/www.poppi.it\/es\/sistemas-de-cogeneracion\/","title":{"rendered":"Sistemas de cogeneraci\u00f3n"},"content":{"rendered":"\t\t<div data-elementor-type=\"wp-page\" data-elementor-id=\"15457\" class=\"elementor elementor-15457 elementor-14003\">\n\t\t\t\t\t\t\t\t\t<section data-pa-eq-height=\"{&quot;targetType&quot;:&quot;widget&quot;,&quot;target&quot;:&quot;&quot;,&quot;enableOn&quot;:[&quot;desktop&quot;,&quot;tablet&quot;,&quot;mobile&quot;,&quot;widescreen&quot;,&quot;laptop&quot;,&quot;tablet_extra&quot;,&quot;mobile_extra&quot;]}\" class=\"elementor-section elementor-top-section elementor-element elementor-element-acd99a3 elementor-section-full_width premium-equal-height-yes elementor-hidden-mobile elementor-section-height-default elementor-section-height-default\" data-id=\"acd99a3\" data-element_type=\"section\" data-settings=\"{&quot;background_background&quot;:&quot;video&quot;,&quot;background_video_link&quot;:&quot;https:\\\/\\\/www.poppi.it\\\/wp-content\\\/uploads\\\/2022\\\/09\\\/Video20sito203.mp4&quot;,&quot;background_play_on_mobile&quot;:&quot;yes&quot;,&quot;premium_eq_height_switcher&quot;:&quot;yes&quot;}\">\n\t\t\t\t\t\t\t\t<div class=\"elementor-background-video-container\">\n\t\t\t\t\t\t\t\t\t\t\t\t\t<video class=\"elementor-background-video-hosted elementor-html5-video\" autoplay muted playsinline loop><\/video>\n\t\t\t\t\t\t\t\t\t\t\t<\/div>\n\t\t\t\t\t\t\t\t<div class=\"elementor-container elementor-column-gap-default\">\n\t\t\t\t\t<div class=\"elementor-column elementor-col-50 elementor-top-column elementor-element elementor-element-a328ed5 elementor-hidden-tablet elementor-hidden-mobile\" data-id=\"a328ed5\" data-element_type=\"column\" data-settings=\"{&quot;background_background&quot;:&quot;classic&quot;}\">\n\t\t\t<div class=\"elementor-widget-wrap\">\n\t\t\t\t\t\t\t\t\t<\/div>\n\t\t<\/div>\n\t\t\t\t<div class=\"elementor-column elementor-col-50 elementor-top-column elementor-element elementor-element-1ee62a2 elementor-hidden-tablet elementor-hidden-mobile\" data-id=\"1ee62a2\" data-element_type=\"column\" data-settings=\"{&quot;background_background&quot;:&quot;classic&quot;}\">\n\t\t\t<div class=\"elementor-widget-wrap elementor-element-populated\">\n\t\t\t\t\t\t\t\t<div class=\"elementor-element elementor-element-0a95b36 elementor-widget elementor-widget-heading\" data-id=\"0a95b36\" data-element_type=\"widget\" data-widget_type=\"heading.default\">\n\t\t\t\t<div class=\"elementor-widget-container\">\n\t\t\t<style>\/*! elementor - v3.13.1 - 09-05-2023 *\/\n.elementor-heading-title{padding:0;margin:0;line-height:1}.elementor-widget-heading .elementor-heading-title[class*=elementor-size-]>a{color:inherit;font-size:inherit;line-height:inherit}.elementor-widget-heading .elementor-heading-title.elementor-size-small{font-size:15px}.elementor-widget-heading .elementor-heading-title.elementor-size-medium{font-size:19px}.elementor-widget-heading .elementor-heading-title.elementor-size-large{font-size:29px}.elementor-widget-heading .elementor-heading-title.elementor-size-xl{font-size:39px}.elementor-widget-heading .elementor-heading-title.elementor-size-xxl{font-size:59px}<\/style><h2 class=\"elementor-heading-title elementor-size-default\">Sistemas de cogeneraci\u00f3n<\/h2>\t\t<\/div>\n\t\t\t\t<\/div>\n\t\t\t\t<div class=\"elementor-element elementor-element-5592c88 elementor-widget elementor-widget-heading\" data-id=\"5592c88\" data-element_type=\"widget\" data-widget_type=\"heading.default\">\n\t\t\t\t<div class=\"elementor-widget-container\">\n\t\t\t<h2 class=\"elementor-heading-title elementor-size-default\">para la valorizaci\u00f3n energ\u00e9tica y la reducci\u00f3n de emisiones al medio ambiente<\/h2>\t\t<\/div>\n\t\t\t\t<\/div>\n\t\t\t\t\t<\/div>\n\t\t<\/div>\n\t\t\t\t\t\t\t<\/div>\n\t\t<\/section>\n\t\t\t\t<section data-pa-eq-height=\"{&quot;targetType&quot;:&quot;widget&quot;,&quot;target&quot;:&quot;&quot;,&quot;enableOn&quot;:[&quot;desktop&quot;,&quot;tablet&quot;,&quot;mobile&quot;,&quot;widescreen&quot;,&quot;laptop&quot;,&quot;tablet_extra&quot;,&quot;mobile_extra&quot;]}\" class=\"elementor-section elementor-top-section elementor-element elementor-element-27a73cd elementor-section-full_width premium-equal-height-yes elementor-hidden-desktop elementor-hidden-tablet elementor-section-height-default elementor-section-height-default\" data-id=\"27a73cd\" data-element_type=\"section\" data-settings=\"{&quot;background_background&quot;:&quot;video&quot;,&quot;background_video_link&quot;:&quot;https:\\\/\\\/www.poppi.it\\\/wp-content\\\/uploads\\\/2022\\\/09\\\/Video20sito203.mp4&quot;,&quot;background_play_on_mobile&quot;:&quot;yes&quot;,&quot;premium_eq_height_switcher&quot;:&quot;yes&quot;}\">\n\t\t\t\t\t\t\t\t<div class=\"elementor-background-video-container\">\n\t\t\t\t\t\t\t\t\t\t\t\t\t<video class=\"elementor-background-video-hosted elementor-html5-video\" autoplay muted playsinline loop><\/video>\n\t\t\t\t\t\t\t\t\t\t\t<\/div>\n\t\t\t\t\t\t\t\t<div class=\"elementor-container elementor-column-gap-default\">\n\t\t\t\t\t<div class=\"elementor-column elementor-col-100 elementor-top-column elementor-element elementor-element-92ff895 elementor-hidden-tablet elementor-hidden-desktop\" data-id=\"92ff895\" data-element_type=\"column\" data-settings=\"{&quot;background_background&quot;:&quot;classic&quot;}\">\n\t\t\t<div class=\"elementor-widget-wrap elementor-element-populated\">\n\t\t\t\t\t\t\t\t<div class=\"elementor-element elementor-element-03dbe76 elementor-widget elementor-widget-heading\" data-id=\"03dbe76\" data-element_type=\"widget\" data-widget_type=\"heading.default\">\n\t\t\t\t<div class=\"elementor-widget-container\">\n\t\t\t<h2 class=\"elementor-heading-title elementor-size-default\">Sistemas de cogeneraci\u00f3n\n<\/h2>\t\t<\/div>\n\t\t\t\t<\/div>\n\t\t\t\t<div class=\"elementor-element elementor-element-47dc33a elementor-widget elementor-widget-heading\" data-id=\"47dc33a\" data-element_type=\"widget\" data-widget_type=\"heading.default\">\n\t\t\t\t<div class=\"elementor-widget-container\">\n\t\t\t<h2 class=\"elementor-heading-title elementor-size-default\">para la valorizaci\u00f3n energ\u00e9tica y la reducci\u00f3n de emisiones al medio ambiente<\/h2>\t\t<\/div>\n\t\t\t\t<\/div>\n\t\t\t\t\t<\/div>\n\t\t<\/div>\n\t\t\t\t\t\t\t<\/div>\n\t\t<\/section>\n\t\t\t\t<section class=\"elementor-section elementor-top-section elementor-element elementor-element-e9e562a elementor-section-boxed elementor-section-height-default elementor-section-height-default\" data-id=\"e9e562a\" data-element_type=\"section\">\n\t\t\t\t\t\t<div class=\"elementor-container elementor-column-gap-wider\">\n\t\t\t\t\t<div class=\"lqd-css-sticky-column elementor-column elementor-col-50 elementor-top-column elementor-element elementor-element-a3520f6 elementor-invisible\" style=\"--lqd-sticky-offset:-40px\" data-id=\"a3520f6\" data-element_type=\"column\" data-settings=\"{&quot;animation&quot;:&quot;slideInLeft&quot;}\">\n\t\t\t<div class=\"elementor-widget-wrap elementor-element-populated\">\n\t\t\t\t\t\t\t\t<div class=\"elementor-element elementor-element-411ccc1 elementor-widget elementor-widget-heading\" data-id=\"411ccc1\" data-element_type=\"widget\" data-widget_type=\"heading.default\">\n\t\t\t\t<div class=\"elementor-widget-container\">\n\t\t\t<h3 class=\"elementor-heading-title elementor-size-default\">Sistemas de cogeneraci\u00f3n<\/h3>\t\t<\/div>\n\t\t\t\t<\/div>\n\t\t\t\t<div class=\"elementor-element elementor-element-cf20c25 elementor-widget elementor-widget-text-editor\" data-id=\"cf20c25\" data-element_type=\"widget\" data-widget_type=\"text-editor.default\">\n\t\t\t\t<div class=\"elementor-widget-container\">\n\t\t\t<style>\/*! elementor - v3.13.1 - 09-05-2023 *\/\n.elementor-widget-text-editor.elementor-drop-cap-view-stacked .elementor-drop-cap{background-color:#69727d;color:#fff}.elementor-widget-text-editor.elementor-drop-cap-view-framed .elementor-drop-cap{color:#69727d;border:3px solid;background-color:transparent}.elementor-widget-text-editor:not(.elementor-drop-cap-view-default) .elementor-drop-cap{margin-top:8px}.elementor-widget-text-editor:not(.elementor-drop-cap-view-default) .elementor-drop-cap-letter{width:1em;height:1em}.elementor-widget-text-editor .elementor-drop-cap{float:left;text-align:center;line-height:1;font-size:50px}.elementor-widget-text-editor .elementor-drop-cap-letter{display:inline-block}<\/style>\t\t\t\t<p>En t\u00e9rminos de sostenibilidad del proceso productivo cer\u00e1mico, Poppi Clementino SpA es desde hace a\u00f1os una de las empresas que m\u00e1s ha contribuido al desarrollo de tecnolog\u00edas para la valorizaci\u00f3n energ\u00e9tica y la reducci\u00f3n de emisiones al medio ambiente.<\/p><p>Gracias a la gran experiencia de nuestros t\u00e9cnicos, hemos desarrollado una gama de soluciones capaces de dar respuesta a una pluralidad de necesidades de producci\u00f3n e ingenier\u00eda de planta.<br \/>Nuestra empresa se presenta como una de las empresas m\u00e1s avanzadas del sector, gracias a importantes inversiones en actividades de Investigaci\u00f3n y Desarrollo.<\/p><p>Las soluciones, estudiadas y desarrolladas sobre las necesidades espec\u00edficas de optimizaci\u00f3n energ\u00e9tica de la planta individual, son el resultado de la colaboraci\u00f3n sin\u00e9rgica con los t\u00e9cnicos de las empresas clientes.<br \/>Entre las soluciones m\u00e1s complejas desarrolladas en los \u00faltimos a\u00f1os, se encuentran las instalaciones en el campo de la Cogeneraci\u00f3n, donde la compa\u00f1\u00eda ha completado con \u00e9xito una serie de nuevas instalaciones, asumiendo en varias ocasiones la funci\u00f3n de Integrador de Sistemas, es decir, especialista en conexiones de turbinas.\/ motores, y el transporte de energ\u00eda a los distintos usuarios.<\/p><p>Algunos de los fabricantes de turbinas\/motores m\u00e1s grandes del mundo lo han elegido como su socio preferido.<br \/>Las novedades m\u00e1s importantes en las nuevas construcciones se refieren principalmente a la integraci\u00f3n de la recuperaci\u00f3n del aire de refrigeraci\u00f3n o de los humos de los hornos cer\u00e1micos, con la recuperaci\u00f3n del escape de la turbina\/motor.<br \/>El calor total as\u00ed disponible puede ser enviado a los usuarios considerados (atomizadores y secadores) sin modificar su conducci\u00f3n.<\/p>\t\t\t\t\t\t<\/div>\n\t\t\t\t<\/div>\n\t\t\t\t\t<\/div>\n\t\t<\/div>\n\t\t\t\t<div class=\"elementor-column elementor-col-50 elementor-top-column elementor-element elementor-element-079e919\" data-id=\"079e919\" data-element_type=\"column\">\n\t\t\t<div class=\"elementor-widget-wrap elementor-element-populated\">\n\t\t\t\t\t\t\t\t<div class=\"elementor-element elementor-element-f06ac79 elementor-invisible elementor-widget elementor-widget-image\" data-id=\"f06ac79\" data-element_type=\"widget\" data-settings=\"{&quot;motion_fx_motion_fx_mouse&quot;:&quot;yes&quot;,&quot;motion_fx_tilt_effect&quot;:&quot;yes&quot;,&quot;motion_fx_tilt_direction&quot;:&quot;negative&quot;,&quot;motion_fx_tilt_speed&quot;:{&quot;unit&quot;:&quot;px&quot;,&quot;size&quot;:1.5,&quot;sizes&quot;:[]},&quot;_animation&quot;:&quot;slideInRight&quot;}\" data-widget_type=\"image.default\">\n\t\t\t\t<div class=\"elementor-widget-container\">\n\t\t\t<style>\/*! elementor - v3.13.1 - 09-05-2023 *\/\n.elementor-widget-image{text-align:center}.elementor-widget-image a{display:inline-block}.elementor-widget-image a img[src$=\".svg\"]{width:48px}.elementor-widget-image img{vertical-align:middle;display:inline-block}<\/style>\t\t\t\t\t\t\t\t\t\t\t\t<img width=\"780\" height=\"497\" src=\"https:\/\/www.poppi.it\/wp-content\/uploads\/2022\/09\/Schermata-2018-09-17-alle-14.35.39-1024x652.jpg\" class=\"attachment-large size-large wp-image-13933\" alt=\"\" srcset=\"https:\/\/www.poppi.it\/wp-content\/uploads\/2022\/09\/Schermata-2018-09-17-alle-14.35.39-1024x652.jpg 1024w, https:\/\/www.poppi.it\/wp-content\/uploads\/2022\/09\/Schermata-2018-09-17-alle-14.35.39-300x191.jpg 300w, https:\/\/www.poppi.it\/wp-content\/uploads\/2022\/09\/Schermata-2018-09-17-alle-14.35.39.jpg 1263w\" sizes=\"(max-width: 780px) 100vw, 780px\" \/>\t\t\t\t\t\t\t\t\t\t\t\t\t\t\t<\/div>\n\t\t\t\t<\/div>\n\t\t\t\t<div class=\"elementor-element elementor-element-d94c945 elementor-invisible elementor-widget elementor-widget-image\" data-id=\"d94c945\" data-element_type=\"widget\" data-settings=\"{&quot;motion_fx_motion_fx_mouse&quot;:&quot;yes&quot;,&quot;motion_fx_tilt_effect&quot;:&quot;yes&quot;,&quot;motion_fx_tilt_speed&quot;:{&quot;unit&quot;:&quot;px&quot;,&quot;size&quot;:1.5,&quot;sizes&quot;:[]},&quot;_animation&quot;:&quot;slideInRight&quot;}\" data-widget_type=\"image.default\">\n\t\t\t\t<div class=\"elementor-widget-container\">\n\t\t\t\t\t\t\t\t\t\t\t\t\t\t\t<img width=\"780\" height=\"439\" src=\"data:image\/svg+xml;charset=utf-8,%3Csvg xmlns%3D&#039;http%3A%2F%2Fwww.w3.org%2F2000%2Fsvg&#039; viewBox%3D&#039;0 0 1024 576&#039;%2F%3E\" class=\"attachment-large size-large wp-image-13932 ld-lazyload\" alt=\"\" data-src=\"https:\/\/www.poppi.it\/wp-content\/uploads\/2022\/09\/Schermata-2018-09-17-alle-12.51.18-1024x576.jpg\" data-srcset=\"https:\/\/www.poppi.it\/wp-content\/uploads\/2022\/09\/Schermata-2018-09-17-alle-12.51.18-1024x576.jpg 1024w, https:\/\/www.poppi.it\/wp-content\/uploads\/2022\/09\/Schermata-2018-09-17-alle-12.51.18-300x169.jpg 300w, https:\/\/www.poppi.it\/wp-content\/uploads\/2022\/09\/Schermata-2018-09-17-alle-12.51.18.jpg 1093w\" data-sizes=\"(max-width: 780px) 100vw, 780px\" data-aspect=\"1.7777777777778\" \/>\t\t\t\t\t\t\t\t\t\t\t\t\t\t\t<\/div>\n\t\t\t\t<\/div>\n\t\t\t\t<div class=\"elementor-element elementor-element-c26ac3d elementor-invisible elementor-widget elementor-widget-image\" data-id=\"c26ac3d\" data-element_type=\"widget\" data-settings=\"{&quot;motion_fx_motion_fx_mouse&quot;:&quot;yes&quot;,&quot;motion_fx_tilt_effect&quot;:&quot;yes&quot;,&quot;motion_fx_tilt_direction&quot;:&quot;negative&quot;,&quot;motion_fx_tilt_speed&quot;:{&quot;unit&quot;:&quot;px&quot;,&quot;size&quot;:1,&quot;sizes&quot;:[]},&quot;_animation&quot;:&quot;slideInRight&quot;}\" data-widget_type=\"image.default\">\n\t\t\t\t<div class=\"elementor-widget-container\">\n\t\t\t\t\t\t\t\t\t\t\t\t\t\t\t<img width=\"780\" height=\"465\" src=\"data:image\/svg+xml;charset=utf-8,%3Csvg xmlns%3D&#039;http%3A%2F%2Fwww.w3.org%2F2000%2Fsvg&#039; viewBox%3D&#039;0 0 1024 611&#039;%2F%3E\" class=\"attachment-large size-large wp-image-13931 ld-lazyload\" alt=\"\" data-src=\"https:\/\/www.poppi.it\/wp-content\/uploads\/2022\/09\/Schermata-2018-09-17-alle-14.34.05-1024x611.jpg\" data-srcset=\"https:\/\/www.poppi.it\/wp-content\/uploads\/2022\/09\/Schermata-2018-09-17-alle-14.34.05-1024x611.jpg 1024w, https:\/\/www.poppi.it\/wp-content\/uploads\/2022\/09\/Schermata-2018-09-17-alle-14.34.05-300x179.jpg 300w, https:\/\/www.poppi.it\/wp-content\/uploads\/2022\/09\/Schermata-2018-09-17-alle-14.34.05.jpg 1332w\" data-sizes=\"(max-width: 780px) 100vw, 780px\" data-aspect=\"1.6759410801964\" \/>\t\t\t\t\t\t\t\t\t\t\t\t\t\t\t<\/div>\n\t\t\t\t<\/div>\n\t\t\t\t<div class=\"elementor-element elementor-element-8c9217d elementor-widget elementor-widget-ld_masked_image\" data-id=\"8c9217d\" data-element_type=\"widget\" data-widget_type=\"ld_masked_image.default\">\n\t\t\t\t<div class=\"elementor-widget-container\">\n\t\t\t\n\t\t<style>\n\t\t\t#ld_masked_image-69e630b6f338e .clip-svg {\n\t\t\t\tclip-path: url(#svg-69e630b6f338c);\n\t\t\t\t-webkit-clip-path: url(#svg-69e630b6f338c);\n\t\t\t\tbackground-size: cover;\n\t\t\t\tbackground-position-x: 50%;\n\t\t\t\tbackground-position-y: 50%;\n\t\t\t}\n\t\t<\/style>\n\n\t\t<div class=\"ld-masked-image\" id=\"ld_masked_image-69e630b6f338e\" data-dynamic-shape=\"true\">\n\t\t\t<svg class=\"scene lqd-overlay\" viewBox=\"140 140 140 140\">\n\t\t\t\t<defs>\n\t\t\t\t\t<clipPath id=\"svg-69e630b6f338c\" clipPathUnits=\"objectBoundingBox\" transform=\"scale(0.00158)\">\n\t\t\t\t\t\t<path\n\t\t\t\t\t\t\tvector-effect=\"non-scaling-stroke\"\n\t\t\t\t\t\t\tfill=\"black\"\n\t\t\t\t\t\t\td=\"M212.625,0.091 C319.112,-2.992 719.225,71.583 615.507,328.179 C511.789,584.775 250.263,624.292 112.94,568.057 C-24.383,511.822 -12.023,229.89 23.583,138.127 C59.189,46.364 106.138,3.174 212.625,0.091 Z\"\n\t\t\t\t\t\t\tpathdata:id=\"M362.5,4 C487,4 631,-44 631,201.5 C631,447 538,623.5 310.5,581.5 C83,539.5 -29.917,266.627 7,156.5 C43.917,46.373 238,4 362.5,4 Z;M370,18 C494.5,18 627,-56.5 627,189 C627,434.5 405.5,573.5 155.5,581 C-94.5,588.5 23.083,175.127 60,65 C96.917,-45.127 245.5,18 370,18 Z\"\n\t\t\t\t\t\t\/>\n\t\t\t\t\t<\/clipPath>\n\t\t\t\t<\/defs>\n\t\t\t<\/svg>\n\n\t\t\t<figure class=\"clip-svg\" data-responsive-bg=\"true\" style='background-image: url(\"https:\/\/www.poppi.it\/wp-content\/plugins\/elementor\/assets\/images\/placeholder.png\");' >\n\t\t\t\t\t\t\t<\/figure>\n\t\t<\/div>\n\n\t\t\t\t<\/div>\n\t\t\t\t<\/div>\n\t\t\t\t\t<\/div>\n\t\t<\/div>\n\t\t\t\t\t\t\t<\/div>\n\t\t<\/section>\n\t\t\t\t\t\t\t<\/div>\n\t\t","protected":false},"excerpt":{"rendered":"<p>Sistemas de cogeneraci\u00f3n para la valorizaci\u00f3n energ\u00e9tica y la reducci\u00f3n de emisiones al medio ambiente Sistemas de cogeneraci\u00f3n para la valorizaci\u00f3n energ\u00e9tica y la reducci\u00f3n de emisiones al medio ambiente Sistemas de cogeneraci\u00f3n En t\u00e9rminos de sostenibilidad del proceso productivo cer\u00e1mico, Poppi Clementino SpA es desde hace a\u00f1os una de las empresas que m\u00e1s ha [&hellip;]<\/p>\n","protected":false},"author":2,"featured_media":0,"parent":0,"menu_order":0,"comment_status":"closed","ping_status":"closed","template":"","meta":[],"acf":[],"_links":{"self":[{"href":"https:\/\/www.poppi.it\/es\/wp-json\/wp\/v2\/pages\/15457"}],"collection":[{"href":"https:\/\/www.poppi.it\/es\/wp-json\/wp\/v2\/pages"}],"about":[{"href":"https:\/\/www.poppi.it\/es\/wp-json\/wp\/v2\/types\/page"}],"author":[{"embeddable":true,"href":"https:\/\/www.poppi.it\/es\/wp-json\/wp\/v2\/users\/2"}],"replies":[{"embeddable":true,"href":"https:\/\/www.poppi.it\/es\/wp-json\/wp\/v2\/comments?post=15457"}],"version-history":[{"count":4,"href":"https:\/\/www.poppi.it\/es\/wp-json\/wp\/v2\/pages\/15457\/revisions"}],"predecessor-version":[{"id":15461,"href":"https:\/\/www.poppi.it\/es\/wp-json\/wp\/v2\/pages\/15457\/revisions\/15461"}],"wp:attachment":[{"href":"https:\/\/www.poppi.it\/es\/wp-json\/wp\/v2\/media?parent=15457"}],"curies":[{"name":"wp","href":"https:\/\/api.w.org\/{rel}","templated":true}]}}