{"id":15447,"date":"2022-07-14T15:59:04","date_gmt":"2022-07-14T15:59:04","guid":{"rendered":"https:\/\/www.poppi.it\/intelligente-recupero-energetico\/"},"modified":"2022-10-18T13:25:01","modified_gmt":"2022-10-18T13:25:01","slug":"inteligente-sistemas-de-recuperacion-de-energia","status":"publish","type":"page","link":"https:\/\/www.poppi.it\/es\/inteligente-sistemas-de-recuperacion-de-energia\/","title":{"rendered":"INTELIGENTE Sistemas de recuperaci\u00f3n de energ\u00eda"},"content":{"rendered":"\t\t<div data-elementor-type=\"wp-page\" data-elementor-id=\"15447\" class=\"elementor elementor-15447 elementor-13480\">\n\t\t\t\t\t\t\t\t\t<section data-pa-eq-height=\"{&quot;targetType&quot;:&quot;widget&quot;,&quot;target&quot;:&quot;&quot;,&quot;enableOn&quot;:[&quot;desktop&quot;,&quot;tablet&quot;,&quot;mobile&quot;,&quot;widescreen&quot;,&quot;laptop&quot;,&quot;tablet_extra&quot;,&quot;mobile_extra&quot;]}\" class=\"elementor-section elementor-top-section elementor-element elementor-element-acd99a3 elementor-section-full_width premium-equal-height-yes elementor-hidden-mobile elementor-section-height-default elementor-section-height-default\" data-id=\"acd99a3\" data-element_type=\"section\" data-settings=\"{&quot;background_background&quot;:&quot;video&quot;,&quot;background_video_link&quot;:&quot;https:\\\/\\\/www.youtube.com\\\/watch?v=xG-knOg00G0&quot;,&quot;background_play_on_mobile&quot;:&quot;yes&quot;,&quot;premium_eq_height_switcher&quot;:&quot;yes&quot;}\">\n\t\t\t\t\t\t\t\t<div class=\"elementor-background-video-container\">\n\t\t\t\t\t\t\t\t\t\t\t\t\t<div class=\"elementor-background-video-embed\"><\/div>\n\t\t\t\t\t\t\t\t\t\t\t\t<\/div>\n\t\t\t\t\t\t\t\t<div class=\"elementor-container elementor-column-gap-default\">\n\t\t\t\t\t<div class=\"elementor-column elementor-col-50 elementor-top-column elementor-element elementor-element-a328ed5 elementor-hidden-tablet elementor-hidden-mobile\" data-id=\"a328ed5\" data-element_type=\"column\" data-settings=\"{&quot;background_background&quot;:&quot;classic&quot;}\">\n\t\t\t<div class=\"elementor-widget-wrap\">\n\t\t\t\t\t\t\t\t\t<\/div>\n\t\t<\/div>\n\t\t\t\t<div class=\"elementor-column elementor-col-50 elementor-top-column elementor-element elementor-element-1ee62a2 elementor-hidden-tablet elementor-hidden-mobile\" data-id=\"1ee62a2\" data-element_type=\"column\" data-settings=\"{&quot;background_background&quot;:&quot;classic&quot;}\">\n\t\t\t<div class=\"elementor-widget-wrap elementor-element-populated\">\n\t\t\t\t\t\t\t\t<div class=\"elementor-element elementor-element-0a95b36 elementor-widget elementor-widget-heading\" data-id=\"0a95b36\" data-element_type=\"widget\" data-widget_type=\"heading.default\">\n\t\t\t\t<div class=\"elementor-widget-container\">\n\t\t\t<style>\/*! elementor - v3.13.1 - 09-05-2023 *\/\n.elementor-heading-title{padding:0;margin:0;line-height:1}.elementor-widget-heading .elementor-heading-title[class*=elementor-size-]>a{color:inherit;font-size:inherit;line-height:inherit}.elementor-widget-heading .elementor-heading-title.elementor-size-small{font-size:15px}.elementor-widget-heading .elementor-heading-title.elementor-size-medium{font-size:19px}.elementor-widget-heading .elementor-heading-title.elementor-size-large{font-size:29px}.elementor-widget-heading .elementor-heading-title.elementor-size-xl{font-size:39px}.elementor-widget-heading .elementor-heading-title.elementor-size-xxl{font-size:59px}<\/style><h2 class=\"elementor-heading-title elementor-size-default\">INTELIGENTE<\/h2>\t\t<\/div>\n\t\t\t\t<\/div>\n\t\t\t\t<div class=\"elementor-element elementor-element-5592c88 elementor-widget elementor-widget-heading\" data-id=\"5592c88\" data-element_type=\"widget\" data-widget_type=\"heading.default\">\n\t\t\t\t<div class=\"elementor-widget-container\">\n\t\t\t<h2 class=\"elementor-heading-title elementor-size-default\">Sistemas de recuperaci\u00f3n de energ\u00eda<\/h2>\t\t<\/div>\n\t\t\t\t<\/div>\n\t\t\t\t\t<\/div>\n\t\t<\/div>\n\t\t\t\t\t\t\t<\/div>\n\t\t<\/section>\n\t\t\t\t<section data-pa-eq-height=\"{&quot;targetType&quot;:&quot;widget&quot;,&quot;target&quot;:&quot;&quot;,&quot;enableOn&quot;:[&quot;desktop&quot;,&quot;tablet&quot;,&quot;mobile&quot;,&quot;widescreen&quot;,&quot;laptop&quot;,&quot;tablet_extra&quot;,&quot;mobile_extra&quot;]}\" class=\"elementor-section elementor-top-section elementor-element elementor-element-27a73cd elementor-section-full_width premium-equal-height-yes elementor-hidden-desktop elementor-hidden-tablet elementor-section-height-default elementor-section-height-default\" data-id=\"27a73cd\" data-element_type=\"section\" data-settings=\"{&quot;background_background&quot;:&quot;video&quot;,&quot;background_video_link&quot;:&quot;https:\\\/\\\/www.youtube.com\\\/watch?v=xG-knOg00G0&quot;,&quot;background_play_on_mobile&quot;:&quot;yes&quot;,&quot;premium_eq_height_switcher&quot;:&quot;yes&quot;}\">\n\t\t\t\t\t\t\t\t<div class=\"elementor-background-video-container\">\n\t\t\t\t\t\t\t\t\t\t\t\t\t<div class=\"elementor-background-video-embed\"><\/div>\n\t\t\t\t\t\t\t\t\t\t\t\t<\/div>\n\t\t\t\t\t\t\t\t<div class=\"elementor-container elementor-column-gap-default\">\n\t\t\t\t\t<div class=\"elementor-column elementor-col-100 elementor-top-column elementor-element elementor-element-92ff895 elementor-hidden-tablet elementor-hidden-desktop\" data-id=\"92ff895\" data-element_type=\"column\" data-settings=\"{&quot;background_background&quot;:&quot;classic&quot;}\">\n\t\t\t<div class=\"elementor-widget-wrap elementor-element-populated\">\n\t\t\t\t\t\t\t\t<div class=\"elementor-element elementor-element-03dbe76 elementor-widget elementor-widget-heading\" data-id=\"03dbe76\" data-element_type=\"widget\" data-widget_type=\"heading.default\">\n\t\t\t\t<div class=\"elementor-widget-container\">\n\t\t\t<h2 class=\"elementor-heading-title elementor-size-default\">INTELIGENTE<\/h2>\t\t<\/div>\n\t\t\t\t<\/div>\n\t\t\t\t<div class=\"elementor-element elementor-element-47dc33a elementor-widget elementor-widget-heading\" data-id=\"47dc33a\" data-element_type=\"widget\" data-widget_type=\"heading.default\">\n\t\t\t\t<div class=\"elementor-widget-container\">\n\t\t\t<h2 class=\"elementor-heading-title elementor-size-default\">Sistemas de recuperaci\u00f3n de energ\u00eda<\/h2>\t\t<\/div>\n\t\t\t\t<\/div>\n\t\t\t\t\t<\/div>\n\t\t<\/div>\n\t\t\t\t\t\t\t<\/div>\n\t\t<\/section>\n\t\t\t\t<section class=\"elementor-section elementor-top-section elementor-element elementor-element-e9e562a elementor-section-boxed elementor-section-height-default elementor-section-height-default\" data-id=\"e9e562a\" data-element_type=\"section\">\n\t\t\t\t\t\t<div class=\"elementor-container elementor-column-gap-wider\">\n\t\t\t\t\t<div class=\"lqd-css-sticky-column elementor-column elementor-col-50 elementor-top-column elementor-element elementor-element-a3520f6 elementor-invisible\" style=\"--lqd-sticky-offset:-40px\" data-id=\"a3520f6\" data-element_type=\"column\" data-settings=\"{&quot;animation&quot;:&quot;slideInLeft&quot;}\">\n\t\t\t<div class=\"elementor-widget-wrap elementor-element-populated\">\n\t\t\t\t\t\t\t\t<div class=\"elementor-element elementor-element-411ccc1 elementor-widget elementor-widget-heading\" data-id=\"411ccc1\" data-element_type=\"widget\" data-widget_type=\"heading.default\">\n\t\t\t\t<div class=\"elementor-widget-container\">\n\t\t\t<h3 class=\"elementor-heading-title elementor-size-default\">Poppi Clementino Spa es una empresa especializada en la optimizaci\u00f3n del consumo energ\u00e9tico.<\/h3>\t\t<\/div>\n\t\t\t\t<\/div>\n\t\t\t\t<div class=\"elementor-element elementor-element-cf20c25 elementor-widget elementor-widget-text-editor\" data-id=\"cf20c25\" data-element_type=\"widget\" data-widget_type=\"text-editor.default\">\n\t\t\t\t<div class=\"elementor-widget-container\">\n\t\t\t<style>\/*! elementor - v3.13.1 - 09-05-2023 *\/\n.elementor-widget-text-editor.elementor-drop-cap-view-stacked .elementor-drop-cap{background-color:#69727d;color:#fff}.elementor-widget-text-editor.elementor-drop-cap-view-framed .elementor-drop-cap{color:#69727d;border:3px solid;background-color:transparent}.elementor-widget-text-editor:not(.elementor-drop-cap-view-default) .elementor-drop-cap{margin-top:8px}.elementor-widget-text-editor:not(.elementor-drop-cap-view-default) .elementor-drop-cap-letter{width:1em;height:1em}.elementor-widget-text-editor .elementor-drop-cap{float:left;text-align:center;line-height:1;font-size:50px}.elementor-widget-text-editor .elementor-drop-cap-letter{display:inline-block}<\/style>\t\t\t\t<p>Gracias al an\u00e1lisis preciso del consumo de energ\u00eda resultante de los procesos de producci\u00f3n, la empresa puede ofrecer a sus clientes una serie de soluciones personalizadas para la recuperaci\u00f3n de energ\u00eda y la reducci\u00f3n de contaminantes. En el proceso de producci\u00f3n de pavimentos y revestimientos cer\u00e1micos, las m\u00e1quinas que requieren una mayor absorci\u00f3n de Energ\u00eda para su uso son, por orden, Atomizadores y Secadores (y Hornos).<\/p><p>Poppi Clementino Spa ha desarrollado un sistema combinado, centrado en la recuperaci\u00f3n de energ\u00eda de los hornos de cer\u00e1mica: la principal fuente de recuperaci\u00f3n es el aire de refrigeraci\u00f3n utilizado en la parte final de los hornos, que normalmente se dispersa a trav\u00e9s de las chimeneas; adem\u00e1s, las chimeneas de gases de combusti\u00f3n tambi\u00e9n contienen una cantidad interesante de energ\u00eda que normalmente se dispersa, pero que se presta a la recuperaci\u00f3n de energ\u00eda. La recuperaci\u00f3n de energ\u00eda del aire de refrigeraci\u00f3n suele denominarse \u00abrecuperaci\u00f3n directa\u00bb. Por el contrario, la recuperaci\u00f3n del potencial energ\u00e9tico de los gases de combusti\u00f3n, que normalmente tiene lugar mediante la aplicaci\u00f3n de un intercambiador de calor, se denomina \u00abrecuperaci\u00f3n indirecta\u00bb. En la mayor\u00eda de los casos, los dos sistemas \u00abdirecto\u00bb e \u00abindirecto\u00bb se combinan para lograr la m\u00e1xima eficacia.<\/p>\t\t\t\t\t\t<\/div>\n\t\t\t\t<\/div>\n\t\t\t\t<div class=\"elementor-element elementor-element-4b573d8 elementor-widget elementor-widget-heading\" data-id=\"4b573d8\" data-element_type=\"widget\" data-widget_type=\"heading.default\">\n\t\t\t\t<div class=\"elementor-widget-container\">\n\t\t\t<h6 class=\"elementor-heading-title elementor-size-default\">Sistema de recuperaci\u00f3n directa:<\/h6>\t\t<\/div>\n\t\t\t\t<\/div>\n\t\t\t\t<div class=\"elementor-element elementor-element-ffa060f elementor-widget elementor-widget-text-editor\" data-id=\"ffa060f\" data-element_type=\"widget\" data-widget_type=\"text-editor.default\">\n\t\t\t\t<div class=\"elementor-widget-container\">\n\t\t\t\t\t\t\t<p>El ejemplo siguiente se refiere a un sistema combinado en el que el aire caliente procedente de las chimeneas de refrigeraci\u00f3n de los hornos se recircula hacia las c\u00e1maras de combusti\u00f3n de los atomizadores a una temperatura de 170\u00b0C. En este caso, se utiliza un inversor para controlar la velocidad del ventilador especialmente dimensionado; el sistema descrito puede lograr un ahorro del orden del 20-25% en el consumo anual de energ\u00eda necesario para el funcionamiento de los atomizadores.<\/p>\t\t\t\t\t\t<\/div>\n\t\t\t\t<\/div>\n\t\t\t\t<div class=\"elementor-element elementor-element-f751ec8 elementor-widget elementor-widget-heading\" data-id=\"f751ec8\" data-element_type=\"widget\" data-widget_type=\"heading.default\">\n\t\t\t\t<div class=\"elementor-widget-container\">\n\t\t\t<h6 class=\"elementor-heading-title elementor-size-default\">Sistema de Recuperaci\u00f3n Indirecta:<\/h6>\t\t<\/div>\n\t\t\t\t<\/div>\n\t\t\t\t<div class=\"elementor-element elementor-element-3c450e6 elementor-widget elementor-widget-text-editor\" data-id=\"3c450e6\" data-element_type=\"widget\" data-widget_type=\"text-editor.default\">\n\t\t\t\t<div class=\"elementor-widget-container\">\n\t\t\t\t\t\t\t<p>El calor contenido en los humos, que normalmente se dispersan por las chimeneas, requiere un tratamiento adecuado debido al contenido de agentes corrosivos que son los residuos de la combusti\u00f3n en el horno cer\u00e1mico. Para este tratamiento se utiliza normalmente un Intercambiador de Calor Humo\/Aire, con el objetivo de generar un flujo de aire caliente limpio, apto para su reutilizaci\u00f3n. Este flujo de aire caliente es recirculado en tuber\u00edas provistas de aislamiento t\u00e9rmico adecuado, como para contener la disipaci\u00f3n de calor, alcanzando p\u00e9rdidas de 1\u00b0C por cada 10-15 metros de conducto. Mediante la correcta implementaci\u00f3n de este sistema, generalmente es posible lograr ahorros del orden del 25-30% sobre el consumo total de energ\u00eda de las secadoras.<\/p>\t\t\t\t\t\t<\/div>\n\t\t\t\t<\/div>\n\t\t\t\t\t<\/div>\n\t\t<\/div>\n\t\t\t\t<div class=\"elementor-column elementor-col-50 elementor-top-column elementor-element elementor-element-079e919\" data-id=\"079e919\" data-element_type=\"column\">\n\t\t\t<div class=\"elementor-widget-wrap elementor-element-populated\">\n\t\t\t\t\t\t\t\t<div class=\"elementor-element elementor-element-f06ac79 elementor-invisible elementor-widget elementor-widget-image\" data-id=\"f06ac79\" data-element_type=\"widget\" data-settings=\"{&quot;motion_fx_motion_fx_mouse&quot;:&quot;yes&quot;,&quot;motion_fx_tilt_effect&quot;:&quot;yes&quot;,&quot;motion_fx_tilt_direction&quot;:&quot;negative&quot;,&quot;motion_fx_tilt_speed&quot;:{&quot;unit&quot;:&quot;px&quot;,&quot;size&quot;:1.5,&quot;sizes&quot;:[]},&quot;_animation&quot;:&quot;slideInRight&quot;}\" data-widget_type=\"image.default\">\n\t\t\t\t<div class=\"elementor-widget-container\">\n\t\t\t<style>\/*! elementor - v3.13.1 - 09-05-2023 *\/\n.elementor-widget-image{text-align:center}.elementor-widget-image a{display:inline-block}.elementor-widget-image a img[src$=\".svg\"]{width:48px}.elementor-widget-image img{vertical-align:middle;display:inline-block}<\/style>\t\t\t\t\t\t\t\t\t\t\t\t<img width=\"780\" height=\"585\" src=\"https:\/\/www.poppi.it\/wp-content\/uploads\/2022\/07\/01-1024x768.jpg\" class=\"attachment-large size-large wp-image-13489\" alt=\"\" srcset=\"https:\/\/www.poppi.it\/wp-content\/uploads\/2022\/07\/01-1024x768.jpg 1024w, https:\/\/www.poppi.it\/wp-content\/uploads\/2022\/07\/01-300x225.jpg 300w, https:\/\/www.poppi.it\/wp-content\/uploads\/2022\/07\/01-1536x1152.jpg 1536w, https:\/\/www.poppi.it\/wp-content\/uploads\/2022\/07\/01.jpg 1920w\" sizes=\"(max-width: 780px) 100vw, 780px\" \/>\t\t\t\t\t\t\t\t\t\t\t\t\t\t\t<\/div>\n\t\t\t\t<\/div>\n\t\t\t\t<div class=\"elementor-element elementor-element-d94c945 elementor-invisible elementor-widget elementor-widget-image\" data-id=\"d94c945\" data-element_type=\"widget\" data-settings=\"{&quot;motion_fx_motion_fx_mouse&quot;:&quot;yes&quot;,&quot;motion_fx_tilt_effect&quot;:&quot;yes&quot;,&quot;motion_fx_tilt_speed&quot;:{&quot;unit&quot;:&quot;px&quot;,&quot;size&quot;:1.5,&quot;sizes&quot;:[]},&quot;_animation&quot;:&quot;slideInRight&quot;}\" data-widget_type=\"image.default\">\n\t\t\t\t<div class=\"elementor-widget-container\">\n\t\t\t\t\t\t\t\t\t\t\t\t\t\t\t<img width=\"780\" height=\"373\" src=\"data:image\/svg+xml;charset=utf-8,%3Csvg xmlns%3D&#039;http%3A%2F%2Fwww.w3.org%2F2000%2Fsvg&#039; viewBox%3D&#039;0 0 1024 490&#039;%2F%3E\" class=\"attachment-large size-large wp-image-13488 ld-lazyload\" alt=\"\" data-src=\"https:\/\/www.poppi.it\/wp-content\/uploads\/2022\/07\/intelligente2-1024x490.jpg\" data-srcset=\"https:\/\/www.poppi.it\/wp-content\/uploads\/2022\/07\/intelligente2-1024x490.jpg 1024w, https:\/\/www.poppi.it\/wp-content\/uploads\/2022\/07\/intelligente2-300x144.jpg 300w, https:\/\/www.poppi.it\/wp-content\/uploads\/2022\/07\/intelligente2.jpg 1170w\" data-sizes=\"(max-width: 780px) 100vw, 780px\" data-aspect=\"2.0897959183673\" \/>\t\t\t\t\t\t\t\t\t\t\t\t\t\t\t<\/div>\n\t\t\t\t<\/div>\n\t\t\t\t<div class=\"elementor-element elementor-element-c26ac3d elementor-invisible elementor-widget elementor-widget-image\" data-id=\"c26ac3d\" data-element_type=\"widget\" data-settings=\"{&quot;motion_fx_motion_fx_mouse&quot;:&quot;yes&quot;,&quot;motion_fx_tilt_effect&quot;:&quot;yes&quot;,&quot;motion_fx_tilt_direction&quot;:&quot;negative&quot;,&quot;motion_fx_tilt_speed&quot;:{&quot;unit&quot;:&quot;px&quot;,&quot;size&quot;:1,&quot;sizes&quot;:[]},&quot;_animation&quot;:&quot;slideInRight&quot;}\" data-widget_type=\"image.default\">\n\t\t\t\t<div class=\"elementor-widget-container\">\n\t\t\t\t\t\t\t\t\t\t\t\t\t\t\t<img width=\"780\" height=\"585\" src=\"data:image\/svg+xml;charset=utf-8,%3Csvg xmlns%3D&#039;http%3A%2F%2Fwww.w3.org%2F2000%2Fsvg&#039; viewBox%3D&#039;0 0 1024 768&#039;%2F%3E\" class=\"attachment-large size-large wp-image-13487 ld-lazyload\" alt=\"\" data-src=\"https:\/\/www.poppi.it\/wp-content\/uploads\/2022\/07\/03-1024x768.jpg\" data-srcset=\"https:\/\/www.poppi.it\/wp-content\/uploads\/2022\/07\/03-1024x768.jpg 1024w, https:\/\/www.poppi.it\/wp-content\/uploads\/2022\/07\/03-300x225.jpg 300w, https:\/\/www.poppi.it\/wp-content\/uploads\/2022\/07\/03-1536x1152.jpg 1536w, https:\/\/www.poppi.it\/wp-content\/uploads\/2022\/07\/03.jpg 1920w\" data-sizes=\"(max-width: 780px) 100vw, 780px\" data-aspect=\"1.3333333333333\" \/>\t\t\t\t\t\t\t\t\t\t\t\t\t\t\t<\/div>\n\t\t\t\t<\/div>\n\t\t\t\t<div class=\"elementor-element elementor-element-8c9217d elementor-widget elementor-widget-ld_masked_image\" data-id=\"8c9217d\" data-element_type=\"widget\" data-widget_type=\"ld_masked_image.default\">\n\t\t\t\t<div class=\"elementor-widget-container\">\n\t\t\t\n\t\t<style>\n\t\t\t#ld_masked_image-69e631d617b57 .clip-svg {\n\t\t\t\tclip-path: url(#svg-69e631d617b55);\n\t\t\t\t-webkit-clip-path: url(#svg-69e631d617b55);\n\t\t\t\tbackground-size: cover;\n\t\t\t\tbackground-position-x: 50%;\n\t\t\t\tbackground-position-y: 50%;\n\t\t\t}\n\t\t<\/style>\n\n\t\t<div class=\"ld-masked-image\" id=\"ld_masked_image-69e631d617b57\" data-dynamic-shape=\"true\">\n\t\t\t<svg class=\"scene lqd-overlay\" viewBox=\"140 140 140 140\">\n\t\t\t\t<defs>\n\t\t\t\t\t<clipPath id=\"svg-69e631d617b55\" clipPathUnits=\"objectBoundingBox\" transform=\"scale(0.00158)\">\n\t\t\t\t\t\t<path\n\t\t\t\t\t\t\tvector-effect=\"non-scaling-stroke\"\n\t\t\t\t\t\t\tfill=\"black\"\n\t\t\t\t\t\t\td=\"M212.625,0.091 C319.112,-2.992 719.225,71.583 615.507,328.179 C511.789,584.775 250.263,624.292 112.94,568.057 C-24.383,511.822 -12.023,229.89 23.583,138.127 C59.189,46.364 106.138,3.174 212.625,0.091 Z\"\n\t\t\t\t\t\t\tpathdata:id=\"M362.5,4 C487,4 631,-44 631,201.5 C631,447 538,623.5 310.5,581.5 C83,539.5 -29.917,266.627 7,156.5 C43.917,46.373 238,4 362.5,4 Z;M370,18 C494.5,18 627,-56.5 627,189 C627,434.5 405.5,573.5 155.5,581 C-94.5,588.5 23.083,175.127 60,65 C96.917,-45.127 245.5,18 370,18 Z\"\n\t\t\t\t\t\t\/>\n\t\t\t\t\t<\/clipPath>\n\t\t\t\t<\/defs>\n\t\t\t<\/svg>\n\n\t\t\t<figure class=\"clip-svg\" data-responsive-bg=\"true\" style='background-image: url(\"https:\/\/www.poppi.it\/wp-content\/plugins\/elementor\/assets\/images\/placeholder.png\");' >\n\t\t\t\t\t\t\t<\/figure>\n\t\t<\/div>\n\n\t\t\t\t<\/div>\n\t\t\t\t<\/div>\n\t\t\t\t\t<\/div>\n\t\t<\/div>\n\t\t\t\t\t\t\t<\/div>\n\t\t<\/section>\n\t\t\t\t\t\t\t<\/div>\n\t\t","protected":false},"excerpt":{"rendered":"<p>INTELIGENTE Sistemas de recuperaci\u00f3n de energ\u00eda INTELIGENTE Sistemas de recuperaci\u00f3n de energ\u00eda Poppi Clementino Spa es una empresa especializada en la optimizaci\u00f3n del consumo energ\u00e9tico. Gracias al an\u00e1lisis preciso del consumo de energ\u00eda resultante de los procesos de producci\u00f3n, la empresa puede ofrecer a sus clientes una serie de soluciones personalizadas para la recuperaci\u00f3n de [&hellip;]<\/p>\n","protected":false},"author":2,"featured_media":0,"parent":0,"menu_order":0,"comment_status":"closed","ping_status":"closed","template":"","meta":[],"acf":[],"_links":{"self":[{"href":"https:\/\/www.poppi.it\/es\/wp-json\/wp\/v2\/pages\/15447"}],"collection":[{"href":"https:\/\/www.poppi.it\/es\/wp-json\/wp\/v2\/pages"}],"about":[{"href":"https:\/\/www.poppi.it\/es\/wp-json\/wp\/v2\/types\/page"}],"author":[{"embeddable":true,"href":"https:\/\/www.poppi.it\/es\/wp-json\/wp\/v2\/users\/2"}],"replies":[{"embeddable":true,"href":"https:\/\/www.poppi.it\/es\/wp-json\/wp\/v2\/comments?post=15447"}],"version-history":[{"count":4,"href":"https:\/\/www.poppi.it\/es\/wp-json\/wp\/v2\/pages\/15447\/revisions"}],"predecessor-version":[{"id":15451,"href":"https:\/\/www.poppi.it\/es\/wp-json\/wp\/v2\/pages\/15447\/revisions\/15451"}],"wp:attachment":[{"href":"https:\/\/www.poppi.it\/es\/wp-json\/wp\/v2\/media?parent=15447"}],"curies":[{"name":"wp","href":"https:\/\/api.w.org\/{rel}","templated":true}]}}