{"id":15440,"date":"2022-09-09T12:56:27","date_gmt":"2022-09-09T12:56:27","guid":{"rendered":"https:\/\/www.poppi.it\/impianti-per-liquidi\/"},"modified":"2022-10-18T10:57:35","modified_gmt":"2022-10-18T10:57:35","slug":"instalaciones-para-liquidos","status":"publish","type":"page","link":"https:\/\/www.poppi.it\/es\/instalaciones-para-liquidos\/","title":{"rendered":"Instalaciones para l\u00edquidos"},"content":{"rendered":"\t\t<div data-elementor-type=\"wp-page\" data-elementor-id=\"15440\" class=\"elementor elementor-15440 elementor-14046\">\n\t\t\t\t\t\t\t\t\t<section data-pa-eq-height=\"{&quot;targetType&quot;:&quot;widget&quot;,&quot;target&quot;:&quot;&quot;,&quot;enableOn&quot;:[&quot;desktop&quot;,&quot;tablet&quot;,&quot;mobile&quot;,&quot;widescreen&quot;,&quot;laptop&quot;,&quot;tablet_extra&quot;,&quot;mobile_extra&quot;]}\" class=\"elementor-section elementor-top-section elementor-element elementor-element-acd99a3 elementor-section-full_width premium-equal-height-yes elementor-hidden-mobile elementor-section-height-default elementor-section-height-default\" data-id=\"acd99a3\" data-element_type=\"section\" data-settings=\"{&quot;background_background&quot;:&quot;video&quot;,&quot;background_video_link&quot;:&quot;https:\\\/\\\/www.poppi.it\\\/wp-content\\\/uploads\\\/2022\\\/09\\\/Video20poppi202.mp4&quot;,&quot;background_play_on_mobile&quot;:&quot;yes&quot;,&quot;premium_eq_height_switcher&quot;:&quot;yes&quot;}\">\n\t\t\t\t\t\t\t\t<div class=\"elementor-background-video-container\">\n\t\t\t\t\t\t\t\t\t\t\t\t\t<video class=\"elementor-background-video-hosted elementor-html5-video\" autoplay muted playsinline loop><\/video>\n\t\t\t\t\t\t\t\t\t\t\t<\/div>\n\t\t\t\t\t\t\t\t<div class=\"elementor-container elementor-column-gap-default\">\n\t\t\t\t\t<div class=\"elementor-column elementor-col-50 elementor-top-column elementor-element elementor-element-a328ed5 elementor-hidden-tablet elementor-hidden-mobile\" data-id=\"a328ed5\" data-element_type=\"column\" data-settings=\"{&quot;background_background&quot;:&quot;classic&quot;}\">\n\t\t\t<div class=\"elementor-widget-wrap\">\n\t\t\t\t\t\t\t\t\t<\/div>\n\t\t<\/div>\n\t\t\t\t<div class=\"elementor-column elementor-col-50 elementor-top-column elementor-element elementor-element-1ee62a2 elementor-hidden-tablet elementor-hidden-mobile\" data-id=\"1ee62a2\" data-element_type=\"column\" data-settings=\"{&quot;background_background&quot;:&quot;classic&quot;}\">\n\t\t\t<div class=\"elementor-widget-wrap elementor-element-populated\">\n\t\t\t\t\t\t\t\t<div class=\"elementor-element elementor-element-0a95b36 elementor-widget elementor-widget-heading\" data-id=\"0a95b36\" data-element_type=\"widget\" data-widget_type=\"heading.default\">\n\t\t\t\t<div class=\"elementor-widget-container\">\n\t\t\t<style>\/*! elementor - v3.13.1 - 09-05-2023 *\/\n.elementor-heading-title{padding:0;margin:0;line-height:1}.elementor-widget-heading .elementor-heading-title[class*=elementor-size-]>a{color:inherit;font-size:inherit;line-height:inherit}.elementor-widget-heading .elementor-heading-title.elementor-size-small{font-size:15px}.elementor-widget-heading .elementor-heading-title.elementor-size-medium{font-size:19px}.elementor-widget-heading .elementor-heading-title.elementor-size-large{font-size:29px}.elementor-widget-heading .elementor-heading-title.elementor-size-xl{font-size:39px}.elementor-widget-heading .elementor-heading-title.elementor-size-xxl{font-size:59px}<\/style><h2 class=\"elementor-heading-title elementor-size-default\">Tratamiento de aguas residuales industriales\n<\/h2>\t\t<\/div>\n\t\t\t\t<\/div>\n\t\t\t\t<div class=\"elementor-element elementor-element-5592c88 elementor-widget elementor-widget-heading\" data-id=\"5592c88\" data-element_type=\"widget\" data-widget_type=\"heading.default\">\n\t\t\t\t<div class=\"elementor-widget-container\">\n\t\t\t<h2 class=\"elementor-heading-title elementor-size-default\">desde el dise\u00f1o hasta la entrega, pasando por el montaje y la puesta en marcha y el servicio posventa<\/h2>\t\t<\/div>\n\t\t\t\t<\/div>\n\t\t\t\t\t<\/div>\n\t\t<\/div>\n\t\t\t\t\t\t\t<\/div>\n\t\t<\/section>\n\t\t\t\t<section data-pa-eq-height=\"{&quot;targetType&quot;:&quot;widget&quot;,&quot;target&quot;:&quot;&quot;,&quot;enableOn&quot;:[&quot;desktop&quot;,&quot;tablet&quot;,&quot;mobile&quot;,&quot;widescreen&quot;,&quot;laptop&quot;,&quot;tablet_extra&quot;,&quot;mobile_extra&quot;]}\" class=\"elementor-section elementor-top-section elementor-element elementor-element-27a73cd elementor-section-full_width premium-equal-height-yes elementor-hidden-desktop elementor-hidden-tablet elementor-section-height-default elementor-section-height-default\" data-id=\"27a73cd\" data-element_type=\"section\" data-settings=\"{&quot;background_background&quot;:&quot;video&quot;,&quot;background_video_link&quot;:&quot;https:\\\/\\\/www.poppi.it\\\/wp-content\\\/uploads\\\/2022\\\/09\\\/Video20poppi202.mp4&quot;,&quot;background_play_on_mobile&quot;:&quot;yes&quot;,&quot;premium_eq_height_switcher&quot;:&quot;yes&quot;}\">\n\t\t\t\t\t\t\t\t<div class=\"elementor-background-video-container\">\n\t\t\t\t\t\t\t\t\t\t\t\t\t<video class=\"elementor-background-video-hosted elementor-html5-video\" autoplay muted playsinline loop><\/video>\n\t\t\t\t\t\t\t\t\t\t\t<\/div>\n\t\t\t\t\t\t\t\t<div class=\"elementor-container elementor-column-gap-default\">\n\t\t\t\t\t<div class=\"elementor-column elementor-col-100 elementor-top-column elementor-element elementor-element-92ff895 elementor-hidden-tablet elementor-hidden-desktop\" data-id=\"92ff895\" data-element_type=\"column\" data-settings=\"{&quot;background_background&quot;:&quot;classic&quot;}\">\n\t\t\t<div class=\"elementor-widget-wrap elementor-element-populated\">\n\t\t\t\t\t\t\t\t<div class=\"elementor-element elementor-element-03dbe76 elementor-widget elementor-widget-heading\" data-id=\"03dbe76\" data-element_type=\"widget\" data-widget_type=\"heading.default\">\n\t\t\t\t<div class=\"elementor-widget-container\">\n\t\t\t<h2 class=\"elementor-heading-title elementor-size-default\">Tratamiento de aguas residuales industriales<\/h2>\t\t<\/div>\n\t\t\t\t<\/div>\n\t\t\t\t<div class=\"elementor-element elementor-element-47dc33a elementor-widget elementor-widget-heading\" data-id=\"47dc33a\" data-element_type=\"widget\" data-widget_type=\"heading.default\">\n\t\t\t\t<div class=\"elementor-widget-container\">\n\t\t\t<h2 class=\"elementor-heading-title elementor-size-default\">desde el dise\u00f1o hasta la entrega, pasando por el montaje y la puesta en marcha y el servicio posventa<\/h2>\t\t<\/div>\n\t\t\t\t<\/div>\n\t\t\t\t\t<\/div>\n\t\t<\/div>\n\t\t\t\t\t\t\t<\/div>\n\t\t<\/section>\n\t\t\t\t<section class=\"elementor-section elementor-top-section elementor-element elementor-element-e9e562a elementor-section-boxed elementor-section-height-default elementor-section-height-default\" data-id=\"e9e562a\" data-element_type=\"section\">\n\t\t\t\t\t\t<div class=\"elementor-container elementor-column-gap-wider\">\n\t\t\t\t\t<div class=\"lqd-css-sticky-column elementor-column elementor-col-50 elementor-top-column elementor-element elementor-element-a3520f6 elementor-invisible\" style=\"--lqd-sticky-offset:-40px\" data-id=\"a3520f6\" data-element_type=\"column\" data-settings=\"{&quot;animation&quot;:&quot;slideInLeft&quot;}\">\n\t\t\t<div class=\"elementor-widget-wrap elementor-element-populated\">\n\t\t\t\t\t\t\t\t<div class=\"elementor-element elementor-element-411ccc1 elementor-widget elementor-widget-heading\" data-id=\"411ccc1\" data-element_type=\"widget\" data-widget_type=\"heading.default\">\n\t\t\t\t<div class=\"elementor-widget-container\">\n\t\t\t<h3 class=\"elementor-heading-title elementor-size-default\">Sector del pl\u00e1stico\n<\/h3>\t\t<\/div>\n\t\t\t\t<\/div>\n\t\t\t\t<div class=\"elementor-element elementor-element-cf20c25 elementor-widget elementor-widget-text-editor\" data-id=\"cf20c25\" data-element_type=\"widget\" data-widget_type=\"text-editor.default\">\n\t\t\t\t<div class=\"elementor-widget-container\">\n\t\t\t<style>\/*! elementor - v3.13.1 - 09-05-2023 *\/\n.elementor-widget-text-editor.elementor-drop-cap-view-stacked .elementor-drop-cap{background-color:#69727d;color:#fff}.elementor-widget-text-editor.elementor-drop-cap-view-framed .elementor-drop-cap{color:#69727d;border:3px solid;background-color:transparent}.elementor-widget-text-editor:not(.elementor-drop-cap-view-default) .elementor-drop-cap{margin-top:8px}.elementor-widget-text-editor:not(.elementor-drop-cap-view-default) .elementor-drop-cap-letter{width:1em;height:1em}.elementor-widget-text-editor .elementor-drop-cap{float:left;text-align:center;line-height:1;font-size:50px}.elementor-widget-text-editor .elementor-drop-cap-letter{display:inline-block}<\/style>\t\t\t\t<div id=\"tm-heading-631b354faa5e1\" class=\"tm-heading left tm-animation move-down animate\"><div class=\"heading\">Fundada en 1986 por Clementino Poppi y Domenico Gualtieri, Poppi Clementino Spa ha operado siempre en los sectores de la ingenier\u00eda de plantas donde se utilizan materias primas en polvo, granulares y l\u00edquidas, especializ\u00e1ndose inicialmente en el sector de la purificaci\u00f3n del aire y del agua y convirti\u00e9ndose en un socio privilegiado para las empresas l\u00edderes que ya operan en el sector.<br \/>La misi\u00f3n de Poppi SpA es combinar la alta calidad tecnol\u00f3gica con la atenci\u00f3n constante al medio ambiente.\u2028Gracias a la continua inversi\u00f3n en investigaci\u00f3n y desarrollo de calidad, la gran especializaci\u00f3n de Poppi SpA garantiza instalaciones personalizadas y adaptadas a las necesidades y actitudes de cada cliente, as\u00ed como la integridad y durabilidad de las mismas.<\/div><\/div>\t\t\t\t\t\t<\/div>\n\t\t\t\t<\/div>\n\t\t\t\t<div class=\"elementor-element elementor-element-4b573d8 elementor-widget elementor-widget-heading\" data-id=\"4b573d8\" data-element_type=\"widget\" data-widget_type=\"heading.default\">\n\t\t\t\t<div class=\"elementor-widget-container\">\n\t\t\t<h6 class=\"elementor-heading-title elementor-size-default\">Aplicaci\u00f3n\n<\/h6>\t\t<\/div>\n\t\t\t\t<\/div>\n\t\t\t\t<div class=\"elementor-element elementor-element-ffa060f elementor-widget elementor-widget-text-editor\" data-id=\"ffa060f\" data-element_type=\"widget\" data-widget_type=\"text-editor.default\">\n\t\t\t\t<div class=\"elementor-widget-container\">\n\t\t\t\t\t\t\t<p>Gracias a la experiencia adquirida en el campo por sus t\u00e9cnicos y a su visi\u00f3n empresarial, Poppi Clementino Spa ha ampliado y perfeccionado su bagaje t\u00e9cnico ofreciendo a los clientes soluciones de instalaciones de vanguardia en el sector de la recuperaci\u00f3n de energ\u00eda, as\u00ed como en el almacenamiento y la manipulaci\u00f3n de materias primas en polvo, granulares y l\u00edquidas.<br \/>El conocimiento que hemos adquirido sobre los materiales y la forma de procesarlos nos ha permitido construir plantas en todos aquellos sectores en los que las materias primas requieren sistemas adecuados de almacenamiento, selecci\u00f3n, homogeneizaci\u00f3n, transporte, pesaje, mezcla y manipulaci\u00f3n antes de ser procesadas.\u2028Las plantas que realizamos son el fruto de nuestros conocimientos aplicados a la petici\u00f3n del cliente y esto nos permite aumentar a\u00fan m\u00e1s nuestra experiencia t\u00e9cnica y ponerla a disposici\u00f3n de otros socios potenciales.<br \/>La realizaci\u00f3n de nuestros sistemas se conf\u00eda a una plantilla de t\u00e9cnicos que se ocupan escrupulosamente de todas las fases del proyecto, desde la idea inicial hasta la puesta en marcha final, para luego continuar la asistencia con un servicio de Posventa y Mantenimiento Programado, ambos destinados a garantizar una LARGA VIDA al sistema.<br \/>Aprovechando las nuevas tecnolog\u00edas de la comunicaci\u00f3n, podemos garantizar un servicio de asistencia remota sobre los sistemas para identificar los problemas que puedan surgir con el tiempo, intervenir r\u00e1pidamente y, si es necesario, guiar al personal del cliente para resolver el problema.<br \/>Para nosotros, el cliente no es s\u00f3lo un cliente, sino tambi\u00e9n un maestro del que queremos aprender y al que queremos proponer lo mejor que hay, y por eso nuestras plantas nacen proyectadas hacia el futuro con el objetivo de garantizar la m\u00e1xima productividad minimizando tanto los costes energ\u00e9ticos como los de funcionamiento.<br \/>Nuestra experiencia, combinada con nuestra capacidad, nos ha permitido, adem\u00e1s de suministrar plantas completas desde cero, trabajar en plantas existentes construidas por otros, perfeccion\u00e1ndolas, ampli\u00e1ndolas y manteni\u00e9ndolas tanto mec\u00e1nica como el\u00e9ctrica y administrativamente.<\/p>\t\t\t\t\t\t<\/div>\n\t\t\t\t<\/div>\n\t\t\t\t<div class=\"elementor-element elementor-element-f751ec8 elementor-widget elementor-widget-heading\" data-id=\"f751ec8\" data-element_type=\"widget\" data-widget_type=\"heading.default\">\n\t\t\t\t<div class=\"elementor-widget-container\">\n\t\t\t<h6 class=\"elementor-heading-title elementor-size-default\">\u00c1REAS DE USO DE LAS PLANTAS DE POPPI<\/h6>\t\t<\/div>\n\t\t\t\t<\/div>\n\t\t\t\t<div class=\"elementor-element elementor-element-3c450e6 elementor-widget elementor-widget-text-editor\" data-id=\"3c450e6\" data-element_type=\"widget\" data-widget_type=\"text-editor.default\">\n\t\t\t\t<div class=\"elementor-widget-container\">\n\t\t\t\t\t\t\t<p>SECTOR AGROALIMENTARIO<br \/>SECTOR DEL PAPEL<br \/>SECTOR CER\u00c1MICO<br \/>SECTOR QU\u00cdMICO<br \/>SECTOR DE LOS CABLES EL\u00c9CTRICOS<br \/>SECTOR FARMAC\u00c9UTICO<br \/>SECTOR DEL LADRILLO<br \/>SECTOR MINERO<br \/>SECTOR DEL PL\u00c1STICO<br \/>SECTOR DEL CAUCHO<br \/>SECTOR DEL ALMACENAMIENTO LOG\u00cdSTICO<\/p>\t\t\t\t\t\t<\/div>\n\t\t\t\t<\/div>\n\t\t\t\t<div class=\"elementor-element elementor-element-7d41297 elementor-widget elementor-widget-button\" data-id=\"7d41297\" data-element_type=\"widget\" data-widget_type=\"button.default\">\n\t\t\t\t<div class=\"elementor-widget-container\">\n\t\t\t\t\t<div class=\"elementor-button-wrapper\">\n\t\t\t<a href=\"https:\/\/www.poppi.it\/wp-content\/uploads\/2022\/09\/13-4ante_plasticagranuli_IT_GB_2019-2.pdf\" target=\"_blank\" class=\"elementor-button-link elementor-button elementor-size-sm\" role=\"button\">\n\t\t\t\t\t\t<span class=\"elementor-button-content-wrapper\">\n\t\t\t\t\t\t<span class=\"elementor-button-text\">DOQNLOAD PDF<\/span>\n\t\t<\/span>\n\t\t\t\t\t<\/a>\n\t\t<\/div>\n\t\t\t\t<\/div>\n\t\t\t\t<\/div>\n\t\t\t\t\t<\/div>\n\t\t<\/div>\n\t\t\t\t<div class=\"elementor-column elementor-col-50 elementor-top-column elementor-element elementor-element-079e919\" data-id=\"079e919\" data-element_type=\"column\">\n\t\t\t<div class=\"elementor-widget-wrap elementor-element-populated\">\n\t\t\t\t\t\t\t\t<div class=\"elementor-element elementor-element-f06ac79 elementor-invisible elementor-widget elementor-widget-image\" data-id=\"f06ac79\" data-element_type=\"widget\" data-settings=\"{&quot;motion_fx_motion_fx_mouse&quot;:&quot;yes&quot;,&quot;motion_fx_tilt_effect&quot;:&quot;yes&quot;,&quot;motion_fx_tilt_direction&quot;:&quot;negative&quot;,&quot;motion_fx_tilt_speed&quot;:{&quot;unit&quot;:&quot;px&quot;,&quot;size&quot;:1.5,&quot;sizes&quot;:[]},&quot;_animation&quot;:&quot;slideInRight&quot;}\" data-widget_type=\"image.default\">\n\t\t\t\t<div class=\"elementor-widget-container\">\n\t\t\t<style>\/*! elementor - v3.13.1 - 09-05-2023 *\/\n.elementor-widget-image{text-align:center}.elementor-widget-image a{display:inline-block}.elementor-widget-image a img[src$=\".svg\"]{width:48px}.elementor-widget-image img{vertical-align:middle;display:inline-block}<\/style>\t\t\t\t\t\t\t\t\t\t\t\t<img width=\"780\" height=\"433\" src=\"https:\/\/www.poppi.it\/wp-content\/uploads\/2022\/09\/0000_STOCCAGGIO-E-TRASPORTO-LIQUIDI-1024x569.jpg\" class=\"attachment-large size-large wp-image-14048\" alt=\"\" srcset=\"https:\/\/www.poppi.it\/wp-content\/uploads\/2022\/09\/0000_STOCCAGGIO-E-TRASPORTO-LIQUIDI-1024x569.jpg 1024w, https:\/\/www.poppi.it\/wp-content\/uploads\/2022\/09\/0000_STOCCAGGIO-E-TRASPORTO-LIQUIDI-300x167.jpg 300w, https:\/\/www.poppi.it\/wp-content\/uploads\/2022\/09\/0000_STOCCAGGIO-E-TRASPORTO-LIQUIDI-720x400.jpg 720w, https:\/\/www.poppi.it\/wp-content\/uploads\/2022\/09\/0000_STOCCAGGIO-E-TRASPORTO-LIQUIDI.jpg 1170w\" sizes=\"(max-width: 780px) 100vw, 780px\" \/>\t\t\t\t\t\t\t\t\t\t\t\t\t\t\t<\/div>\n\t\t\t\t<\/div>\n\t\t\t\t<div class=\"elementor-element elementor-element-d94c945 elementor-invisible elementor-widget elementor-widget-image\" data-id=\"d94c945\" data-element_type=\"widget\" data-settings=\"{&quot;motion_fx_motion_fx_mouse&quot;:&quot;yes&quot;,&quot;motion_fx_tilt_effect&quot;:&quot;yes&quot;,&quot;motion_fx_tilt_speed&quot;:{&quot;unit&quot;:&quot;px&quot;,&quot;size&quot;:1.5,&quot;sizes&quot;:[]},&quot;_animation&quot;:&quot;slideInRight&quot;}\" data-widget_type=\"image.default\">\n\t\t\t\t<div class=\"elementor-widget-container\">\n\t\t\t\t\t\t\t\t\t\t\t\t\t\t\t<img width=\"780\" height=\"433\" src=\"data:image\/svg+xml;charset=utf-8,%3Csvg xmlns%3D&#039;http%3A%2F%2Fwww.w3.org%2F2000%2Fsvg&#039; viewBox%3D&#039;0 0 1024 569&#039;%2F%3E\" class=\"attachment-large size-large wp-image-14049 ld-lazyload\" alt=\"\" data-src=\"https:\/\/www.poppi.it\/wp-content\/uploads\/2022\/09\/0001_STOCCAGGIO-E-TRASPORTO-LIQUIDI-2-1024x569.jpg\" data-srcset=\"https:\/\/www.poppi.it\/wp-content\/uploads\/2022\/09\/0001_STOCCAGGIO-E-TRASPORTO-LIQUIDI-2-1024x569.jpg 1024w, https:\/\/www.poppi.it\/wp-content\/uploads\/2022\/09\/0001_STOCCAGGIO-E-TRASPORTO-LIQUIDI-2-300x167.jpg 300w, https:\/\/www.poppi.it\/wp-content\/uploads\/2022\/09\/0001_STOCCAGGIO-E-TRASPORTO-LIQUIDI-2-720x400.jpg 720w, https:\/\/www.poppi.it\/wp-content\/uploads\/2022\/09\/0001_STOCCAGGIO-E-TRASPORTO-LIQUIDI-2.jpg 1170w\" data-sizes=\"(max-width: 780px) 100vw, 780px\" data-aspect=\"1.7996485061511\" \/>\t\t\t\t\t\t\t\t\t\t\t\t\t\t\t<\/div>\n\t\t\t\t<\/div>\n\t\t\t\t<div class=\"elementor-element elementor-element-c26ac3d elementor-invisible elementor-widget elementor-widget-image\" data-id=\"c26ac3d\" data-element_type=\"widget\" data-settings=\"{&quot;motion_fx_motion_fx_mouse&quot;:&quot;yes&quot;,&quot;motion_fx_tilt_effect&quot;:&quot;yes&quot;,&quot;motion_fx_tilt_direction&quot;:&quot;negative&quot;,&quot;motion_fx_tilt_speed&quot;:{&quot;unit&quot;:&quot;px&quot;,&quot;size&quot;:1,&quot;sizes&quot;:[]},&quot;_animation&quot;:&quot;slideInRight&quot;}\" data-widget_type=\"image.default\">\n\t\t\t\t<div class=\"elementor-widget-container\">\n\t\t\t\t\t\t\t\t\t\t\t\t\t\t\t<img width=\"780\" height=\"433\" src=\"data:image\/svg+xml;charset=utf-8,%3Csvg xmlns%3D&#039;http%3A%2F%2Fwww.w3.org%2F2000%2Fsvg&#039; viewBox%3D&#039;0 0 1024 569&#039;%2F%3E\" class=\"attachment-large size-large wp-image-14050 ld-lazyload\" alt=\"\" data-src=\"https:\/\/www.poppi.it\/wp-content\/uploads\/2022\/09\/0003_DOSAGGIO-E-PESATURA-LIQUIDI-1024x569.jpg\" data-srcset=\"https:\/\/www.poppi.it\/wp-content\/uploads\/2022\/09\/0003_DOSAGGIO-E-PESATURA-LIQUIDI-1024x569.jpg 1024w, https:\/\/www.poppi.it\/wp-content\/uploads\/2022\/09\/0003_DOSAGGIO-E-PESATURA-LIQUIDI-300x167.jpg 300w, https:\/\/www.poppi.it\/wp-content\/uploads\/2022\/09\/0003_DOSAGGIO-E-PESATURA-LIQUIDI-720x400.jpg 720w, https:\/\/www.poppi.it\/wp-content\/uploads\/2022\/09\/0003_DOSAGGIO-E-PESATURA-LIQUIDI.jpg 1170w\" data-sizes=\"(max-width: 780px) 100vw, 780px\" data-aspect=\"1.7996485061511\" \/>\t\t\t\t\t\t\t\t\t\t\t\t\t\t\t<\/div>\n\t\t\t\t<\/div>\n\t\t\t\t<div class=\"elementor-element elementor-element-8c9217d elementor-widget elementor-widget-ld_masked_image\" data-id=\"8c9217d\" data-element_type=\"widget\" data-widget_type=\"ld_masked_image.default\">\n\t\t\t\t<div class=\"elementor-widget-container\">\n\t\t\t\n\t\t<style>\n\t\t\t#ld_masked_image-69e631ab069f3 .clip-svg {\n\t\t\t\tclip-path: url(#svg-69e631ab069f1);\n\t\t\t\t-webkit-clip-path: url(#svg-69e631ab069f1);\n\t\t\t\tbackground-size: cover;\n\t\t\t\tbackground-position-x: 50%;\n\t\t\t\tbackground-position-y: 50%;\n\t\t\t}\n\t\t<\/style>\n\n\t\t<div class=\"ld-masked-image\" id=\"ld_masked_image-69e631ab069f3\" data-dynamic-shape=\"true\">\n\t\t\t<svg class=\"scene lqd-overlay\" viewBox=\"140 140 140 140\">\n\t\t\t\t<defs>\n\t\t\t\t\t<clipPath id=\"svg-69e631ab069f1\" clipPathUnits=\"objectBoundingBox\" transform=\"scale(0.00158)\">\n\t\t\t\t\t\t<path\n\t\t\t\t\t\t\tvector-effect=\"non-scaling-stroke\"\n\t\t\t\t\t\t\tfill=\"black\"\n\t\t\t\t\t\t\td=\"M212.625,0.091 C319.112,-2.992 719.225,71.583 615.507,328.179 C511.789,584.775 250.263,624.292 112.94,568.057 C-24.383,511.822 -12.023,229.89 23.583,138.127 C59.189,46.364 106.138,3.174 212.625,0.091 Z\"\n\t\t\t\t\t\t\tpathdata:id=\"M362.5,4 C487,4 631,-44 631,201.5 C631,447 538,623.5 310.5,581.5 C83,539.5 -29.917,266.627 7,156.5 C43.917,46.373 238,4 362.5,4 Z;M370,18 C494.5,18 627,-56.5 627,189 C627,434.5 405.5,573.5 155.5,581 C-94.5,588.5 23.083,175.127 60,65 C96.917,-45.127 245.5,18 370,18 Z\"\n\t\t\t\t\t\t\/>\n\t\t\t\t\t<\/clipPath>\n\t\t\t\t<\/defs>\n\t\t\t<\/svg>\n\n\t\t\t<figure class=\"clip-svg\" data-responsive-bg=\"true\" style='background-image: url(\"https:\/\/www.poppi.it\/wp-content\/plugins\/elementor\/assets\/images\/placeholder.png\");' >\n\t\t\t\t\t\t\t<\/figure>\n\t\t<\/div>\n\n\t\t\t\t<\/div>\n\t\t\t\t<\/div>\n\t\t\t\t\t<\/div>\n\t\t<\/div>\n\t\t\t\t\t\t\t<\/div>\n\t\t<\/section>\n\t\t\t\t\t\t\t<\/div>\n\t\t","protected":false},"excerpt":{"rendered":"<p>Tratamiento de aguas residuales industriales desde el dise\u00f1o hasta la entrega, pasando por el montaje y la puesta en marcha y el servicio posventa Tratamiento de aguas residuales industriales desde el dise\u00f1o hasta la entrega, pasando por el montaje y la puesta en marcha y el servicio posventa Sector del pl\u00e1stico Fundada en 1986 por [&hellip;]<\/p>\n","protected":false},"author":2,"featured_media":0,"parent":0,"menu_order":0,"comment_status":"closed","ping_status":"closed","template":"","meta":[],"acf":[],"_links":{"self":[{"href":"https:\/\/www.poppi.it\/es\/wp-json\/wp\/v2\/pages\/15440"}],"collection":[{"href":"https:\/\/www.poppi.it\/es\/wp-json\/wp\/v2\/pages"}],"about":[{"href":"https:\/\/www.poppi.it\/es\/wp-json\/wp\/v2\/types\/page"}],"author":[{"embeddable":true,"href":"https:\/\/www.poppi.it\/es\/wp-json\/wp\/v2\/users\/2"}],"replies":[{"embeddable":true,"href":"https:\/\/www.poppi.it\/es\/wp-json\/wp\/v2\/comments?post=15440"}],"version-history":[{"count":4,"href":"https:\/\/www.poppi.it\/es\/wp-json\/wp\/v2\/pages\/15440\/revisions"}],"predecessor-version":[{"id":15444,"href":"https:\/\/www.poppi.it\/es\/wp-json\/wp\/v2\/pages\/15440\/revisions\/15444"}],"wp:attachment":[{"href":"https:\/\/www.poppi.it\/es\/wp-json\/wp\/v2\/media?parent=15440"}],"curies":[{"name":"wp","href":"https:\/\/api.w.org\/{rel}","templated":true}]}}