{"id":15415,"date":"2022-07-15T09:17:13","date_gmt":"2022-07-15T09:17:13","guid":{"rendered":"https:\/\/www.poppi.it\/filtrazione\/"},"modified":"2022-10-18T10:29:39","modified_gmt":"2022-10-18T10:29:39","slug":"filtracion","status":"publish","type":"page","link":"https:\/\/www.poppi.it\/es\/filtracion\/","title":{"rendered":"filtraci\u00f3n"},"content":{"rendered":"\t\t<div data-elementor-type=\"wp-page\" data-elementor-id=\"15415\" class=\"elementor elementor-15415 elementor-13511\">\n\t\t\t\t\t\t\t\t\t<section data-pa-eq-height=\"{&quot;targetType&quot;:&quot;widget&quot;,&quot;target&quot;:&quot;&quot;,&quot;enableOn&quot;:[&quot;desktop&quot;,&quot;tablet&quot;,&quot;mobile&quot;,&quot;widescreen&quot;,&quot;laptop&quot;,&quot;tablet_extra&quot;,&quot;mobile_extra&quot;]}\" class=\"elementor-section elementor-top-section elementor-element elementor-element-acd99a3 elementor-section-full_width premium-equal-height-yes elementor-hidden-mobile elementor-section-height-default elementor-section-height-default\" data-id=\"acd99a3\" data-element_type=\"section\" data-settings=\"{&quot;background_background&quot;:&quot;video&quot;,&quot;background_video_link&quot;:&quot;https:\\\/\\\/www.youtube.com\\\/watch?v=wxgc0X_Z6Bg&quot;,&quot;background_play_on_mobile&quot;:&quot;yes&quot;,&quot;premium_eq_height_switcher&quot;:&quot;yes&quot;}\">\n\t\t\t\t\t\t\t\t<div class=\"elementor-background-video-container\">\n\t\t\t\t\t\t\t\t\t\t\t\t\t<div class=\"elementor-background-video-embed\"><\/div>\n\t\t\t\t\t\t\t\t\t\t\t\t<\/div>\n\t\t\t\t\t\t\t\t<div class=\"elementor-container elementor-column-gap-default\">\n\t\t\t\t\t<div class=\"elementor-column elementor-col-50 elementor-top-column elementor-element elementor-element-a328ed5 elementor-hidden-tablet elementor-hidden-mobile\" data-id=\"a328ed5\" data-element_type=\"column\" data-settings=\"{&quot;background_background&quot;:&quot;classic&quot;}\">\n\t\t\t<div class=\"elementor-widget-wrap\">\n\t\t\t\t\t\t\t\t\t<\/div>\n\t\t<\/div>\n\t\t\t\t<div class=\"elementor-column elementor-col-50 elementor-top-column elementor-element elementor-element-1ee62a2 elementor-hidden-tablet elementor-hidden-mobile\" data-id=\"1ee62a2\" data-element_type=\"column\" data-settings=\"{&quot;background_background&quot;:&quot;classic&quot;}\">\n\t\t\t<div class=\"elementor-widget-wrap elementor-element-populated\">\n\t\t\t\t\t\t\t\t<div class=\"elementor-element elementor-element-0a95b36 elementor-widget elementor-widget-heading\" data-id=\"0a95b36\" data-element_type=\"widget\" data-widget_type=\"heading.default\">\n\t\t\t\t<div class=\"elementor-widget-container\">\n\t\t\t<style>\/*! elementor - v3.13.1 - 09-05-2023 *\/\n.elementor-heading-title{padding:0;margin:0;line-height:1}.elementor-widget-heading .elementor-heading-title[class*=elementor-size-]>a{color:inherit;font-size:inherit;line-height:inherit}.elementor-widget-heading .elementor-heading-title.elementor-size-small{font-size:15px}.elementor-widget-heading .elementor-heading-title.elementor-size-medium{font-size:19px}.elementor-widget-heading .elementor-heading-title.elementor-size-large{font-size:29px}.elementor-widget-heading .elementor-heading-title.elementor-size-xl{font-size:39px}.elementor-widget-heading .elementor-heading-title.elementor-size-xxl{font-size:59px}<\/style><h2 class=\"elementor-heading-title elementor-size-default\">FILTROS DE ASPIRACI\u00d3N<\/h2>\t\t<\/div>\n\t\t\t\t<\/div>\n\t\t\t\t<div class=\"elementor-element elementor-element-5592c88 elementor-widget elementor-widget-heading\" data-id=\"5592c88\" data-element_type=\"widget\" data-widget_type=\"heading.default\">\n\t\t\t\t<div class=\"elementor-widget-container\">\n\t\t\t<h2 class=\"elementor-heading-title elementor-size-default\">humos y polvo<\/h2>\t\t<\/div>\n\t\t\t\t<\/div>\n\t\t\t\t\t<\/div>\n\t\t<\/div>\n\t\t\t\t\t\t\t<\/div>\n\t\t<\/section>\n\t\t\t\t<section data-pa-eq-height=\"{&quot;targetType&quot;:&quot;widget&quot;,&quot;target&quot;:&quot;&quot;,&quot;enableOn&quot;:[&quot;desktop&quot;,&quot;tablet&quot;,&quot;mobile&quot;,&quot;widescreen&quot;,&quot;laptop&quot;,&quot;tablet_extra&quot;,&quot;mobile_extra&quot;]}\" class=\"elementor-section elementor-top-section elementor-element elementor-element-27a73cd elementor-section-full_width premium-equal-height-yes elementor-hidden-desktop elementor-hidden-tablet elementor-section-height-default elementor-section-height-default\" data-id=\"27a73cd\" data-element_type=\"section\" data-settings=\"{&quot;background_background&quot;:&quot;video&quot;,&quot;background_video_link&quot;:&quot;https:\\\/\\\/www.youtube.com\\\/watch?v=wxgc0X_Z6Bg&quot;,&quot;background_play_on_mobile&quot;:&quot;yes&quot;,&quot;premium_eq_height_switcher&quot;:&quot;yes&quot;}\">\n\t\t\t\t\t\t\t\t<div class=\"elementor-background-video-container\">\n\t\t\t\t\t\t\t\t\t\t\t\t\t<div class=\"elementor-background-video-embed\"><\/div>\n\t\t\t\t\t\t\t\t\t\t\t\t<\/div>\n\t\t\t\t\t\t\t\t<div class=\"elementor-container elementor-column-gap-default\">\n\t\t\t\t\t<div class=\"elementor-column elementor-col-100 elementor-top-column elementor-element elementor-element-92ff895 elementor-hidden-tablet elementor-hidden-desktop\" data-id=\"92ff895\" data-element_type=\"column\" data-settings=\"{&quot;background_background&quot;:&quot;classic&quot;}\">\n\t\t\t<div class=\"elementor-widget-wrap elementor-element-populated\">\n\t\t\t\t\t\t\t\t<div class=\"elementor-element elementor-element-03dbe76 elementor-widget elementor-widget-heading\" data-id=\"03dbe76\" data-element_type=\"widget\" data-widget_type=\"heading.default\">\n\t\t\t\t<div class=\"elementor-widget-container\">\n\t\t\t<h2 class=\"elementor-heading-title elementor-size-default\">FILTROS DE ASPIRACI\u00d3N<\/h2>\t\t<\/div>\n\t\t\t\t<\/div>\n\t\t\t\t<div class=\"elementor-element elementor-element-47dc33a elementor-widget elementor-widget-heading\" data-id=\"47dc33a\" data-element_type=\"widget\" data-widget_type=\"heading.default\">\n\t\t\t\t<div class=\"elementor-widget-container\">\n\t\t\t<h2 class=\"elementor-heading-title elementor-size-default\">humos y polvo<\/h2>\t\t<\/div>\n\t\t\t\t<\/div>\n\t\t\t\t\t<\/div>\n\t\t<\/div>\n\t\t\t\t\t\t\t<\/div>\n\t\t<\/section>\n\t\t\t\t<section class=\"elementor-section elementor-top-section elementor-element elementor-element-e9e562a elementor-section-boxed elementor-section-height-default elementor-section-height-default\" data-id=\"e9e562a\" data-element_type=\"section\">\n\t\t\t\t\t\t<div class=\"elementor-container elementor-column-gap-wider\">\n\t\t\t\t\t<div class=\"lqd-css-sticky-column elementor-column elementor-col-50 elementor-top-column elementor-element elementor-element-a3520f6 elementor-invisible\" style=\"--lqd-sticky-offset:-40px\" data-id=\"a3520f6\" data-element_type=\"column\" data-settings=\"{&quot;animation&quot;:&quot;slideInLeft&quot;}\">\n\t\t\t<div class=\"elementor-widget-wrap elementor-element-populated\">\n\t\t\t\t\t\t\t\t<div class=\"elementor-element elementor-element-411ccc1 elementor-widget elementor-widget-heading\" data-id=\"411ccc1\" data-element_type=\"widget\" data-widget_type=\"heading.default\">\n\t\t\t\t<div class=\"elementor-widget-container\">\n\t\t\t<h3 class=\"elementor-heading-title elementor-size-default\">Los filtros de bolsa verticales siempre han sido uno de los puntos fuertes de Poppi Clementino S.p.A.<\/h3>\t\t<\/div>\n\t\t\t\t<\/div>\n\t\t\t\t<div class=\"elementor-element elementor-element-cf20c25 elementor-widget elementor-widget-text-editor\" data-id=\"cf20c25\" data-element_type=\"widget\" data-widget_type=\"text-editor.default\">\n\t\t\t\t<div class=\"elementor-widget-container\">\n\t\t\t<style>\/*! elementor - v3.13.1 - 09-05-2023 *\/\n.elementor-widget-text-editor.elementor-drop-cap-view-stacked .elementor-drop-cap{background-color:#69727d;color:#fff}.elementor-widget-text-editor.elementor-drop-cap-view-framed .elementor-drop-cap{color:#69727d;border:3px solid;background-color:transparent}.elementor-widget-text-editor:not(.elementor-drop-cap-view-default) .elementor-drop-cap{margin-top:8px}.elementor-widget-text-editor:not(.elementor-drop-cap-view-default) .elementor-drop-cap-letter{width:1em;height:1em}.elementor-widget-text-editor .elementor-drop-cap{float:left;text-align:center;line-height:1;font-size:50px}.elementor-widget-text-editor .elementor-drop-cap-letter{display:inline-block}<\/style>\t\t\t\t<div id=\"tm-heading-62d1299c92e3f\" class=\"tm-heading left tm-animation move-down animate\"><div class=\"heading\"><p>porque la empresa siempre ha cre\u00eddo en la eficiencia t\u00e9cnica y la econom\u00eda de consumo energ\u00e9tico que caracteriza el funcionamiento de este tipo de filtros. Adem\u00e1s, los filtros de mangas con limpieza en contracorriente han sustituido por completo a los electrofiltros, que ya no pueden cumplir la normativa en la mayor\u00eda de las aplicaciones de reducci\u00f3n de humos contaminantes.<\/p><p>El correcto dimensionamiento del filtro junto con una din\u00e1mica homog\u00e9nea de los fluidos internos permite que los flujos de gases de combusti\u00f3n adecuadamente mezclados con dosis de reactivo sean interceptados por las mangas de fieltro sin que se depositen en tuber\u00edas o tolvas. La capa de material que se crea as\u00ed en los manguitos tiene a la vez la funci\u00f3n de un filtro propiamente dicho y se renueva en cada ciclo de limpieza, que se lleva a cabo con el sistema de chorro pulsado a baja presi\u00f3n de funcionamiento a intervalos predeterminados o seg\u00fan un detector de presi\u00f3n diferencial.<\/p><p>El proceso descrito anteriormente permite el paso del aire purificado a trav\u00e9s de los manguitos y la eliminaci\u00f3n de polvo contaminante, fl\u00faor, plomo, etc., garantizando una emisi\u00f3n de la chimenea que cumple con la normativa anticontaminaci\u00f3n m\u00e1s reciente. La gama de producci\u00f3n var\u00eda desde filtros circulares o rectangulares con superficies filtrantes que van desde los 5 metros cuadrados hasta los 2.000 metros cuadrados y m\u00e1s, mangas con longitudes de 1 a 8 metros, filtros reforzados para altas presiones, filtros de celdas para el lavado de c\u00e1maras cerradas, filtros con extracci\u00f3n de la cesta desde el lateral o desde arriba (anillo de presi\u00f3n), o con cestas divididas, sistemas de calentamiento autom\u00e1tico y aislamiento para evitar la formaci\u00f3n de condensaci\u00f3n dentro del propio filtro.<\/p><\/div><\/div>\t\t\t\t\t\t<\/div>\n\t\t\t\t<\/div>\n\t\t\t\t<div class=\"elementor-element elementor-element-4b573d8 elementor-widget elementor-widget-heading\" data-id=\"4b573d8\" data-element_type=\"widget\" data-widget_type=\"heading.default\">\n\t\t\t\t<div class=\"elementor-widget-container\">\n\t\t\t<h6 class=\"elementor-heading-title elementor-size-default\">Sistema de recuperaci\u00f3n directa:<\/h6>\t\t<\/div>\n\t\t\t\t<\/div>\n\t\t\t\t<div class=\"elementor-element elementor-element-ffa060f elementor-widget elementor-widget-text-editor\" data-id=\"ffa060f\" data-element_type=\"widget\" data-widget_type=\"text-editor.default\">\n\t\t\t\t<div class=\"elementor-widget-container\">\n\t\t\t\t\t\t\t<p><span style=\"font-weight: 400;\">El uso de filtros de mangas encuentra numerosas aplicaciones incluso en el caso de una simple supresi\u00f3n de polvo:<\/span><\/p><ul><li style=\"font-weight: 400;\" aria-level=\"1\"><span style=\"font-weight: 400;\">en la industria cer\u00e1mica: aspiraci\u00f3n en prensas y m\u00e1quinas de esmaltado, purificaci\u00f3n de aire en el almacenamiento de materias primas y departamentos de molienda.<\/span><\/li><li style=\"font-weight: 400;\" aria-level=\"1\"><span style=\"font-weight: 400;\">en la industria ladrillera: aspiraci\u00f3n de laminadores para arcilla y polvo de ca\u00edda de listones.<\/span><\/li><li style=\"font-weight: 400;\" aria-level=\"1\"><span style=\"font-weight: 400;\">en la industria del cemento: extracci\u00f3n de polvo de molinos, carga de silos, alimentaci\u00f3n de cintas, sistemas de limpieza neum\u00e1tica.<\/span><\/li><li style=\"font-weight: 400;\" aria-level=\"1\"><span style=\"font-weight: 400;\">en la industria de la madera: extracci\u00f3n de polvo de los departamentos de procesamiento y corte en estaciones de mezcla de hormig\u00f3n: transporte neum\u00e1tico, silos de carga y departamentos de desempolvado.<\/span><\/li><li style=\"font-weight: 400;\" aria-level=\"1\"><span style=\"font-weight: 400;\">en la industria del pl\u00e1stico: extracci\u00f3n de polvo del transporte neum\u00e1tico, ca\u00eddas y carga de cintas, limpieza de salas.<\/span><\/li><\/ul><p><span style=\"font-weight: 400;\">Cabe destacar que toda la gama de filtros Poppi Clementino SpA se pueden suministrar con dispositivos antideflagrantes y antideflagrantes que nos permiten equiparlos con certificado Atex 3D zona 22.<\/span><\/p>\t\t\t\t\t\t<\/div>\n\t\t\t\t<\/div>\n\t\t\t\t\t<\/div>\n\t\t<\/div>\n\t\t\t\t<div class=\"elementor-column elementor-col-50 elementor-top-column elementor-element elementor-element-079e919\" data-id=\"079e919\" data-element_type=\"column\">\n\t\t\t<div class=\"elementor-widget-wrap elementor-element-populated\">\n\t\t\t\t\t\t\t\t<div class=\"elementor-element elementor-element-f06ac79 elementor-invisible elementor-widget elementor-widget-image\" data-id=\"f06ac79\" data-element_type=\"widget\" data-settings=\"{&quot;motion_fx_motion_fx_mouse&quot;:&quot;yes&quot;,&quot;motion_fx_tilt_effect&quot;:&quot;yes&quot;,&quot;motion_fx_tilt_direction&quot;:&quot;negative&quot;,&quot;motion_fx_tilt_speed&quot;:{&quot;unit&quot;:&quot;px&quot;,&quot;size&quot;:1.5,&quot;sizes&quot;:[]},&quot;_animation&quot;:&quot;slideInRight&quot;}\" data-widget_type=\"image.default\">\n\t\t\t\t<div class=\"elementor-widget-container\">\n\t\t\t<style>\/*! elementor - v3.13.1 - 09-05-2023 *\/\n.elementor-widget-image{text-align:center}.elementor-widget-image a{display:inline-block}.elementor-widget-image a img[src$=\".svg\"]{width:48px}.elementor-widget-image img{vertical-align:middle;display:inline-block}<\/style>\t\t\t\t\t\t\t\t\t\t\t\t<img width=\"780\" height=\"373\" src=\"https:\/\/www.poppi.it\/wp-content\/uploads\/2022\/07\/2cc-1024x490.jpg\" class=\"attachment-large size-large wp-image-13514\" alt=\"\" srcset=\"https:\/\/www.poppi.it\/wp-content\/uploads\/2022\/07\/2cc-1024x490.jpg 1024w, https:\/\/www.poppi.it\/wp-content\/uploads\/2022\/07\/2cc-300x144.jpg 300w, https:\/\/www.poppi.it\/wp-content\/uploads\/2022\/07\/2cc.jpg 1170w\" sizes=\"(max-width: 780px) 100vw, 780px\" \/>\t\t\t\t\t\t\t\t\t\t\t\t\t\t\t<\/div>\n\t\t\t\t<\/div>\n\t\t\t\t<div class=\"elementor-element elementor-element-d94c945 elementor-invisible elementor-widget elementor-widget-image\" data-id=\"d94c945\" data-element_type=\"widget\" data-settings=\"{&quot;motion_fx_motion_fx_mouse&quot;:&quot;yes&quot;,&quot;motion_fx_tilt_effect&quot;:&quot;yes&quot;,&quot;motion_fx_tilt_speed&quot;:{&quot;unit&quot;:&quot;px&quot;,&quot;size&quot;:1.5,&quot;sizes&quot;:[]},&quot;_animation&quot;:&quot;slideInRight&quot;}\" data-widget_type=\"image.default\">\n\t\t\t\t<div class=\"elementor-widget-container\">\n\t\t\t\t\t\t\t\t\t\t\t\t\t\t\t<img width=\"780\" height=\"587\" src=\"data:image\/svg+xml;charset=utf-8,%3Csvg xmlns%3D&#039;http%3A%2F%2Fwww.w3.org%2F2000%2Fsvg&#039; viewBox%3D&#039;0 0 1024 771&#039;%2F%3E\" class=\"attachment-large size-large wp-image-13512 ld-lazyload\" alt=\"\" data-src=\"https:\/\/www.poppi.it\/wp-content\/uploads\/2022\/07\/01-2-1024x771.jpg\" data-srcset=\"https:\/\/www.poppi.it\/wp-content\/uploads\/2022\/07\/01-2-1024x771.jpg 1024w, https:\/\/www.poppi.it\/wp-content\/uploads\/2022\/07\/01-2-300x226.jpg 300w, https:\/\/www.poppi.it\/wp-content\/uploads\/2022\/07\/01-2-1536x1157.jpg 1536w, https:\/\/www.poppi.it\/wp-content\/uploads\/2022\/07\/01-2.jpg 1920w\" data-sizes=\"(max-width: 780px) 100vw, 780px\" data-aspect=\"1.3281452658885\" \/>\t\t\t\t\t\t\t\t\t\t\t\t\t\t\t<\/div>\n\t\t\t\t<\/div>\n\t\t\t\t<div class=\"elementor-element elementor-element-c26ac3d elementor-invisible elementor-widget elementor-widget-image\" data-id=\"c26ac3d\" data-element_type=\"widget\" data-settings=\"{&quot;motion_fx_motion_fx_mouse&quot;:&quot;yes&quot;,&quot;motion_fx_tilt_effect&quot;:&quot;yes&quot;,&quot;motion_fx_tilt_direction&quot;:&quot;negative&quot;,&quot;motion_fx_tilt_speed&quot;:{&quot;unit&quot;:&quot;px&quot;,&quot;size&quot;:1,&quot;sizes&quot;:[]},&quot;_animation&quot;:&quot;slideInRight&quot;}\" data-widget_type=\"image.default\">\n\t\t\t\t<div class=\"elementor-widget-container\">\n\t\t\t\t\t\t\t\t\t\t\t\t\t\t\t<img width=\"768\" height=\"1024\" src=\"data:image\/svg+xml;charset=utf-8,%3Csvg xmlns%3D&#039;http%3A%2F%2Fwww.w3.org%2F2000%2Fsvg&#039; viewBox%3D&#039;0 0 768 1024&#039;%2F%3E\" class=\"attachment-large size-large wp-image-13513 ld-lazyload\" alt=\"\" data-src=\"https:\/\/www.poppi.it\/wp-content\/uploads\/2022\/07\/02-1-768x1024.jpg\" data-srcset=\"https:\/\/www.poppi.it\/wp-content\/uploads\/2022\/07\/02-1-768x1024.jpg 768w, https:\/\/www.poppi.it\/wp-content\/uploads\/2022\/07\/02-1-225x300.jpg 225w, https:\/\/www.poppi.it\/wp-content\/uploads\/2022\/07\/02-1-1152x1536.jpg 1152w, https:\/\/www.poppi.it\/wp-content\/uploads\/2022\/07\/02-1.jpg 1440w\" data-sizes=\"(max-width: 768px) 100vw, 768px\" data-aspect=\"0.75\" \/>\t\t\t\t\t\t\t\t\t\t\t\t\t\t\t<\/div>\n\t\t\t\t<\/div>\n\t\t\t\t<div class=\"elementor-element elementor-element-8c9217d elementor-widget elementor-widget-ld_masked_image\" data-id=\"8c9217d\" data-element_type=\"widget\" data-widget_type=\"ld_masked_image.default\">\n\t\t\t\t<div class=\"elementor-widget-container\">\n\t\t\t\n\t\t<style>\n\t\t\t#ld_masked_image-69e771ef73080 .clip-svg {\n\t\t\t\tclip-path: url(#svg-69e771ef7307e);\n\t\t\t\t-webkit-clip-path: url(#svg-69e771ef7307e);\n\t\t\t\tbackground-size: cover;\n\t\t\t\tbackground-position-x: 50%;\n\t\t\t\tbackground-position-y: 50%;\n\t\t\t}\n\t\t<\/style>\n\n\t\t<div class=\"ld-masked-image\" id=\"ld_masked_image-69e771ef73080\" data-dynamic-shape=\"true\">\n\t\t\t<svg class=\"scene lqd-overlay\" viewBox=\"140 140 140 140\">\n\t\t\t\t<defs>\n\t\t\t\t\t<clipPath id=\"svg-69e771ef7307e\" clipPathUnits=\"objectBoundingBox\" transform=\"scale(0.00158)\">\n\t\t\t\t\t\t<path\n\t\t\t\t\t\t\tvector-effect=\"non-scaling-stroke\"\n\t\t\t\t\t\t\tfill=\"black\"\n\t\t\t\t\t\t\td=\"M212.625,0.091 C319.112,-2.992 719.225,71.583 615.507,328.179 C511.789,584.775 250.263,624.292 112.94,568.057 C-24.383,511.822 -12.023,229.89 23.583,138.127 C59.189,46.364 106.138,3.174 212.625,0.091 Z\"\n\t\t\t\t\t\t\tpathdata:id=\"M362.5,4 C487,4 631,-44 631,201.5 C631,447 538,623.5 310.5,581.5 C83,539.5 -29.917,266.627 7,156.5 C43.917,46.373 238,4 362.5,4 Z;M370,18 C494.5,18 627,-56.5 627,189 C627,434.5 405.5,573.5 155.5,581 C-94.5,588.5 23.083,175.127 60,65 C96.917,-45.127 245.5,18 370,18 Z\"\n\t\t\t\t\t\t\/>\n\t\t\t\t\t<\/clipPath>\n\t\t\t\t<\/defs>\n\t\t\t<\/svg>\n\n\t\t\t<figure class=\"clip-svg\" data-responsive-bg=\"true\" style='background-image: url(\"https:\/\/www.poppi.it\/wp-content\/plugins\/elementor\/assets\/images\/placeholder.png\");' >\n\t\t\t\t\t\t\t<\/figure>\n\t\t<\/div>\n\n\t\t\t\t<\/div>\n\t\t\t\t<\/div>\n\t\t\t\t\t<\/div>\n\t\t<\/div>\n\t\t\t\t\t\t\t<\/div>\n\t\t<\/section>\n\t\t\t\t\t\t\t<\/div>\n\t\t","protected":false},"excerpt":{"rendered":"<p>FILTROS DE ASPIRACI\u00d3N humos y polvo FILTROS DE ASPIRACI\u00d3N humos y polvo Los filtros de bolsa verticales siempre han sido uno de los puntos fuertes de Poppi Clementino S.p.A. porque la empresa siempre ha cre\u00eddo en la eficiencia t\u00e9cnica y la econom\u00eda de consumo energ\u00e9tico que caracteriza el funcionamiento de este tipo de filtros. Adem\u00e1s, [&hellip;]<\/p>\n","protected":false},"author":2,"featured_media":0,"parent":0,"menu_order":0,"comment_status":"closed","ping_status":"closed","template":"","meta":[],"acf":[],"_links":{"self":[{"href":"https:\/\/www.poppi.it\/es\/wp-json\/wp\/v2\/pages\/15415"}],"collection":[{"href":"https:\/\/www.poppi.it\/es\/wp-json\/wp\/v2\/pages"}],"about":[{"href":"https:\/\/www.poppi.it\/es\/wp-json\/wp\/v2\/types\/page"}],"author":[{"embeddable":true,"href":"https:\/\/www.poppi.it\/es\/wp-json\/wp\/v2\/users\/2"}],"replies":[{"embeddable":true,"href":"https:\/\/www.poppi.it\/es\/wp-json\/wp\/v2\/comments?post=15415"}],"version-history":[{"count":4,"href":"https:\/\/www.poppi.it\/es\/wp-json\/wp\/v2\/pages\/15415\/revisions"}],"predecessor-version":[{"id":15419,"href":"https:\/\/www.poppi.it\/es\/wp-json\/wp\/v2\/pages\/15415\/revisions\/15419"}],"wp:attachment":[{"href":"https:\/\/www.poppi.it\/es\/wp-json\/wp\/v2\/media?parent=15415"}],"curies":[{"name":"wp","href":"https:\/\/api.w.org\/{rel}","templated":true}]}}